{"id":105,"date":"2015-12-30T00:07:36","date_gmt":"2015-12-30T00:07:36","guid":{"rendered":"http:\/\/ecolejjmichel.be\/?page_id=105"},"modified":"2016-01-05T22:42:16","modified_gmt":"2016-01-05T22:42:16","slug":"association-des-parents-apjjm","status":"publish","type":"page","link":"https:\/\/ecolejjmichel.be\/index.php\/association-des-parents-apjjm\/","title":{"rendered":"Association des parents ( APJJM ) &#8211; Pr\u00e9sentation"},"content":{"rendered":"<p><img decoding=\"async\" loading=\"lazy\" class=\"alignnone size-medium wp-image-137 aligncenter\" src=\"http:\/\/ecolejjmichel.be\/wp-content\/uploads\/2015\/12\/Logo-valves-association-des-parents-2015-Eva-Evrard-300x184.jpg\" alt=\"Logo valves association des parents 2015 Eva Evrard\" width=\"300\" height=\"184\" srcset=\"https:\/\/ecolejjmichel.be\/wp-content\/uploads\/2015\/12\/Logo-valves-association-des-parents-2015-Eva-Evrard-300x184.jpg 300w, https:\/\/ecolejjmichel.be\/wp-content\/uploads\/2015\/12\/Logo-valves-association-des-parents-2015-Eva-Evrard-100x61.jpg 100w, https:\/\/ecolejjmichel.be\/wp-content\/uploads\/2015\/12\/Logo-valves-association-des-parents-2015-Eva-Evrard-150x92.jpg 150w, https:\/\/ecolejjmichel.be\/wp-content\/uploads\/2015\/12\/Logo-valves-association-des-parents-2015-Eva-Evrard-200x123.jpg 200w, https:\/\/ecolejjmichel.be\/wp-content\/uploads\/2015\/12\/Logo-valves-association-des-parents-2015-Eva-Evrard-450x276.jpg 450w, https:\/\/ecolejjmichel.be\/wp-content\/uploads\/2015\/12\/Logo-valves-association-des-parents-2015-Eva-Evrard.jpg 483w\" sizes=\"(max-width: 300px) 100vw, 300px\" \/><\/p>\n<p style=\"text-align: center;\"><strong>A quoi sert l&rsquo;association des parents ( APJJM ) \u00a0? <\/strong><\/p>\n<p>L&rsquo;association des parents de l&rsquo;\u00e9cole JJ Michel est une association de fait ouverte \u00e0 tous les parents de l&rsquo;\u00e9cole. Elle permet de relayer des pr\u00e9occupations, des id\u00e9es, des projets, des initiatives d&rsquo;ordre collectif aupr\u00e8s de l&rsquo;\u00e9quipe de l&rsquo;\u00e9cole. Elle permet \u00e9galement d&rsquo;organiser des activit\u00e9s au sein de l&rsquo;\u00e9cole.<\/p>\n<p>Elle s&rsquo;organise \u00e0 travers des r\u00e9unions d&rsquo;\u00e9change auxquelles tous les parents sont convi\u00e9s. Ces r\u00e9unions (encore appel\u00e9es assembl\u00e9es g\u00e9n\u00e9rales) ont lieu en d\u00e9but et en fin d&rsquo;ann\u00e9e au minimum. Lorsque des sujets d&rsquo;int\u00e9r\u00eat collectif sont \u00e9voqu\u00e9s, une assembl\u00e9e g\u00e9n\u00e9rale peut leur \u00eatre consacr\u00e9e. C&rsquo;est l\u00e0 l&rsquo;occasion de partager des points de vue sur diff\u00e9rents aspects de la vie \u00e0 l&rsquo;\u00e9cole. Il est donc important d&rsquo;y participer.<\/p>\n<p>Il est \u00e0 noter toutefois que l&rsquo;association a pour principe de ne pas s&rsquo;immiscer directement dans les aspects p\u00e9dagogiques de l&rsquo;\u00e9cole. Les enseignants et la direction sont des professionnels dans ces domaines. Ce qui n&#8217;emp\u00eache pas que des r\u00e9unions d&rsquo;informations soient parfois sollicit\u00e9es, en accord alors avec la direction.<\/p>\n<p>Un comit\u00e9 de parents est \u00e9lu pour deux ann\u00e9es pour coordonner les initiatives. Ce comit\u00e9 n&rsquo;a pas de pouvoir. Il a pour mission de veiller \u00e0 l&rsquo;organisation des r\u00e9unions, au relais de l&rsquo;information aupr\u00e8s des parents, \u00e0 organiser le retour du contenu des r\u00e9unions de l&rsquo;association aupr\u00e8s de la direction de l&rsquo;\u00e9cole.<\/p>\n<p>A l&rsquo;initiative de parents, diff\u00e9rentes activit\u00e9s sont organis\u00e9es par l&rsquo;association. Ces activit\u00e9s sont port\u00e9es par les parents qui en ont l&rsquo;id\u00e9e. Le comit\u00e9 de parents est alors vigilant pour que les diverses autorisations et \u00e9ventuelles assurances soient obtenues. Certaines activit\u00e9s ont pour vocation de g\u00e9n\u00e9rer du b\u00e9n\u00e9fice, d&rsquo;autres de cr\u00e9er des liens et de l&rsquo;animation dans l&rsquo;\u00e9cole.<\/p>\n<p>La principale activit\u00e9 r\u00e9mun\u00e9ratrice est la f\u00eate des parents organis\u00e9e en d\u00e9but d&rsquo;ann\u00e9e civile (f\u00e9vrier ou mars). Il s&rsquo;agit d&rsquo;un souper d\u00e9mocratique suivi d&rsquo;une soir\u00e9e dansante. L&rsquo;ambiance est habituellement au rendez-vous.<\/p>\n<p>D&rsquo;autres activit\u00e9s ont vu le jour par le pass\u00e9 : une foire aux jouets \u00e0 l&rsquo;approche de la p\u00e9riode de Saint Nicolas avec en parall\u00e8le la possibilit\u00e9 de tester des jeux de soci\u00e9t\u00e9s mis \u00e0 la disposition par la ludoth\u00e8que. Des sorties v\u00e9lo ont permis de d\u00e9couvrir Saint-Gilles et les alentours, les \u00ab croissants du cin\u00e9ma \u00bb au Centre culturel Jacques Franck ouvraient la porte du centre pour visionner un film apr\u00e8s un petit d\u00e9jeuner pris sur place, &#8230; Toutes ces activit\u00e9s ont \u00e9t\u00e9 initi\u00e9es et r\u00e9alis\u00e9es par des parents de l&rsquo;\u00e9cole.<\/p>\n<p>Le b\u00e9n\u00e9fice r\u00e9alis\u00e9, lorsqu&rsquo;il y en a, permet de financer des projets de l&rsquo;\u00e9cole qui ne sont pas du ressort du pouvoir organisateur. Le parking v\u00e9lo de la cour, le renouvellement du parc informatique et sa maintenance, des jeux du pr\u00e9au, le premier gsm de la garderie en sont quelques exemples. Un soutien aux classes vertes est \u00e9galement r\u00e9alis\u00e9 annuellement pour financer une activit\u00e9 pendant cette p\u00e9riode.<\/p>\n<p>L&rsquo;association est \u00e9galement en charge d&rsquo;organiser la repr\u00e9sentation des parents au conseil de participation de l\u2019\u00e9cole.<\/p>\n","protected":false},"excerpt":{"rendered":"<p>A quoi sert l&rsquo;association des parents ( APJJM ) \u00a0? L&rsquo;association des parents de l&rsquo;\u00e9cole JJ Michel est une association de fait ouverte \u00e0 tous les parents de l&rsquo;\u00e9cole. Elle permet de relayer des pr\u00e9occupations, des id\u00e9es, des projets, des<span class=\"ellipsis\">&hellip;<\/span><\/p>\n<div class=\"read-more\"><a href=\"https:\/\/ecolejjmichel.be\/index.php\/association-des-parents-apjjm\/\">Lire la suite <span class=\"screen-reader-text\">Association des parents ( APJJM ) &#8211; Pr\u00e9sentation<\/span><span class=\"meta-nav\"> &#8250;<\/span><\/a><\/div>\n<p><!-- end of .read-more --><\/p>\n","protected":false},"author":1,"featured_media":0,"parent":0,"menu_order":0,"comment_status":"closed","ping_status":"closed","template":"","meta":[],"_links":{"self":[{"href":"https:\/\/ecolejjmichel.be\/index.php\/wp-json\/wp\/v2\/pages\/105"}],"collection":[{"href":"https:\/\/ecolejjmichel.be\/index.php\/wp-json\/wp\/v2\/pages"}],"about":[{"href":"https:\/\/ecolejjmichel.be\/index.php\/wp-json\/wp\/v2\/types\/page"}],"author":[{"embeddable":true,"href":"https:\/\/ecolejjmichel.be\/index.php\/wp-json\/wp\/v2\/users\/1"}],"replies":[{"embeddable":true,"href":"https:\/\/ecolejjmichel.be\/index.php\/wp-json\/wp\/v2\/comments?post=105"}],"version-history":[{"count":9,"href":"https:\/\/ecolejjmichel.be\/index.php\/wp-json\/wp\/v2\/pages\/105\/revisions"}],"predecessor-version":[{"id":152,"href":"https:\/\/ecolejjmichel.be\/index.php\/wp-json\/wp\/v2\/pages\/105\/revisions\/152"}],"wp:attachment":[{"href":"https:\/\/ecolejjmichel.be\/index.php\/wp-json\/wp\/v2\/media?parent=105"}],"curies":[{"name":"wp","href":"https:\/\/api.w.org\/{rel}","templated":true}]}}