{"id":12,"date":"2015-12-27T19:59:07","date_gmt":"2015-12-27T19:59:07","guid":{"rendered":"http:\/\/ecolejjmichel.be\/?page_id=12"},"modified":"2016-02-26T11:56:14","modified_gmt":"2016-02-26T10:56:14","slug":"accueil","status":"publish","type":"page","link":"https:\/\/ecolejjmichel.be\/index.php\/accueil\/","title":{"rendered":"Pr\u00e9sentation de l&rsquo;\u00e9cole JJ Michel"},"content":{"rendered":"<p><img decoding=\"async\" loading=\"lazy\" class=\"alignleft wp-image-23\" src=\"http:\/\/ecolejjmichel.be\/wp-content\/uploads\/2015\/12\/Facade-JJMichel-Rue-Localisation-Compressed-300x142.jpg\" alt=\"\" width=\"334\" height=\"158\" srcset=\"https:\/\/ecolejjmichel.be\/wp-content\/uploads\/2015\/12\/Facade-JJMichel-Rue-Localisation-Compressed-300x142.jpg 300w, https:\/\/ecolejjmichel.be\/wp-content\/uploads\/2015\/12\/Facade-JJMichel-Rue-Localisation-Compressed.jpg 448w\" sizes=\"(max-width: 334px) 100vw, 334px\" \/>\u00a0 \u00a0\u00a0\u00a0\u00a0\u00a0\u00a0 <img decoding=\"async\" loading=\"lazy\" class=\"alignnone wp-image-87\" src=\"http:\/\/ecolejjmichel.be\/wp-content\/uploads\/2015\/12\/DSC_0187-300x202.jpg\" alt=\"\" width=\"242\" height=\"163\" srcset=\"https:\/\/ecolejjmichel.be\/wp-content\/uploads\/2015\/12\/DSC_0187-300x202.jpg 300w, https:\/\/ecolejjmichel.be\/wp-content\/uploads\/2015\/12\/DSC_0187-100x67.jpg 100w, https:\/\/ecolejjmichel.be\/wp-content\/uploads\/2015\/12\/DSC_0187-150x101.jpg 150w, https:\/\/ecolejjmichel.be\/wp-content\/uploads\/2015\/12\/DSC_0187-200x134.jpg 200w, https:\/\/ecolejjmichel.be\/wp-content\/uploads\/2015\/12\/DSC_0187.jpg 448w\" sizes=\"(max-width: 242px) 100vw, 242px\" \/><\/p>\n<p>Dans notre \u00e9cole, le m\u00e9tissage culturel et social des enfants est une opportunit\u00e9 pour tous : chaque enfant s\u2019\u00e9panouit dans le plus grand respect des diff\u00e9rences. L\u2019\u00e9cole favorise les \u00e9changes entre tous les \u00e9l\u00e8ves gr\u00e2ce aux projets collectifs mis en place chaque ann\u00e9e, aux projets interclasses, de tutorat, mais aussi gr\u00e2ce au conseil de classe et d\u2019\u00e9cole.<\/p>\n<p>Les classes sont organis\u00e9es selon le mode du 2\/3 temps p\u00e9dagogique : les cours g\u00e9n\u00e9raux ont lieu le matin et les ateliers d\u2019\u00e9veil (histoire, g\u00e9ographie, sciences, arts), les cours d\u2019\u00e9ducation physique ainsi que les cours philosophiques ont lieu l\u2019apr\u00e8s-midi. L\u2019exp\u00e9rimentation, la manipulation, la recherche, la confrontation permettent de travailler les comp\u00e9tences transversales et sont autant de moyens mis en place afin de favoriser une approche active des apprentissages.<\/p>\n<p>L\u2019\u00e9cole s\u2019inscrit \u00e9galement dans un environnement plus large en faisant appel \u00e0 des organismes pour mener des projets ponctuels dans les classes, \u00e0 des partenaires pour encadrer le DAS et les activit\u00e9s extrascolaires.<\/p>\n<p><img decoding=\"async\" loading=\"lazy\" class=\"alignnone wp-image-84\" src=\"http:\/\/ecolejjmichel.be\/wp-content\/uploads\/2015\/12\/DSC_0121-202x300.jpg\" alt=\"\" width=\"111\" height=\"164\" srcset=\"https:\/\/ecolejjmichel.be\/wp-content\/uploads\/2015\/12\/DSC_0121-202x300.jpg 202w, https:\/\/ecolejjmichel.be\/wp-content\/uploads\/2015\/12\/DSC_0121-100x149.jpg 100w, https:\/\/ecolejjmichel.be\/wp-content\/uploads\/2015\/12\/DSC_0121-150x223.jpg 150w, https:\/\/ecolejjmichel.be\/wp-content\/uploads\/2015\/12\/DSC_0121-200x298.jpg 200w, https:\/\/ecolejjmichel.be\/wp-content\/uploads\/2015\/12\/DSC_0121-300x447.jpg 300w, https:\/\/ecolejjmichel.be\/wp-content\/uploads\/2015\/12\/DSC_0121.jpg 301w\" sizes=\"(max-width: 111px) 100vw, 111px\" \/>\u00a0 <img decoding=\"async\" loading=\"lazy\" class=\"alignnone wp-image-81\" src=\"http:\/\/ecolejjmichel.be\/wp-content\/uploads\/2015\/12\/DSC_0065-1-300x202.jpg\" alt=\"\" width=\"251\" height=\"169\" srcset=\"https:\/\/ecolejjmichel.be\/wp-content\/uploads\/2015\/12\/DSC_0065-1-300x202.jpg 300w, https:\/\/ecolejjmichel.be\/wp-content\/uploads\/2015\/12\/DSC_0065-1-100x67.jpg 100w, https:\/\/ecolejjmichel.be\/wp-content\/uploads\/2015\/12\/DSC_0065-1-150x101.jpg 150w, https:\/\/ecolejjmichel.be\/wp-content\/uploads\/2015\/12\/DSC_0065-1-200x134.jpg 200w, https:\/\/ecolejjmichel.be\/wp-content\/uploads\/2015\/12\/DSC_0065-1.jpg 448w\" sizes=\"(max-width: 251px) 100vw, 251px\" \/><img decoding=\"async\" loading=\"lazy\" class=\"alignleft wp-image-85\" src=\"http:\/\/ecolejjmichel.be\/wp-content\/uploads\/2015\/12\/DSC_0127-300x202.jpg\" alt=\"\" width=\"238\" height=\"160\" srcset=\"https:\/\/ecolejjmichel.be\/wp-content\/uploads\/2015\/12\/DSC_0127-300x202.jpg 300w, https:\/\/ecolejjmichel.be\/wp-content\/uploads\/2015\/12\/DSC_0127-100x67.jpg 100w, https:\/\/ecolejjmichel.be\/wp-content\/uploads\/2015\/12\/DSC_0127-150x101.jpg 150w, https:\/\/ecolejjmichel.be\/wp-content\/uploads\/2015\/12\/DSC_0127-200x134.jpg 200w, https:\/\/ecolejjmichel.be\/wp-content\/uploads\/2015\/12\/DSC_0127.jpg 448w\" sizes=\"(max-width: 238px) 100vw, 238px\" \/><\/p>\n","protected":false},"excerpt":{"rendered":"<p>\u00a0 \u00a0\u00a0\u00a0\u00a0\u00a0\u00a0 Dans notre \u00e9cole, le m\u00e9tissage culturel et social des enfants est une opportunit\u00e9 pour tous : chaque enfant s\u2019\u00e9panouit dans le plus grand respect des diff\u00e9rences. L\u2019\u00e9cole favorise les \u00e9changes entre tous les \u00e9l\u00e8ves gr\u00e2ce aux projets collectifs<span class=\"ellipsis\">&hellip;<\/span><\/p>\n<div class=\"read-more\"><a href=\"https:\/\/ecolejjmichel.be\/index.php\/accueil\/\">Lire la suite <span class=\"screen-reader-text\">Pr\u00e9sentation de l&rsquo;\u00e9cole JJ Michel<\/span><span class=\"meta-nav\"> &#8250;<\/span><\/a><\/div>\n<p><!-- end of .read-more --><\/p>\n","protected":false},"author":1,"featured_media":0,"parent":0,"menu_order":0,"comment_status":"closed","ping_status":"closed","template":"","meta":[],"_links":{"self":[{"href":"https:\/\/ecolejjmichel.be\/index.php\/wp-json\/wp\/v2\/pages\/12"}],"collection":[{"href":"https:\/\/ecolejjmichel.be\/index.php\/wp-json\/wp\/v2\/pages"}],"about":[{"href":"https:\/\/ecolejjmichel.be\/index.php\/wp-json\/wp\/v2\/types\/page"}],"author":[{"embeddable":true,"href":"https:\/\/ecolejjmichel.be\/index.php\/wp-json\/wp\/v2\/users\/1"}],"replies":[{"embeddable":true,"href":"https:\/\/ecolejjmichel.be\/index.php\/wp-json\/wp\/v2\/comments?post=12"}],"version-history":[{"count":22,"href":"https:\/\/ecolejjmichel.be\/index.php\/wp-json\/wp\/v2\/pages\/12\/revisions"}],"predecessor-version":[{"id":3019,"href":"https:\/\/ecolejjmichel.be\/index.php\/wp-json\/wp\/v2\/pages\/12\/revisions\/3019"}],"wp:attachment":[{"href":"https:\/\/ecolejjmichel.be\/index.php\/wp-json\/wp\/v2\/media?parent=12"}],"curies":[{"name":"wp","href":"https:\/\/api.w.org\/{rel}","templated":true}]}}