{"id":168,"date":"2016-01-06T14:17:41","date_gmt":"2016-01-06T14:17:41","guid":{"rendered":"http:\/\/ecolejjmichel.be\/?page_id=168"},"modified":"2016-01-06T22:41:47","modified_gmt":"2016-01-06T22:41:47","slug":"horaires","status":"publish","type":"page","link":"https:\/\/ecolejjmichel.be\/index.php\/informationspratiques\/horaires\/","title":{"rendered":"Horaires"},"content":{"rendered":"<h2 style=\"text-align: left; color: #333333; margin: 15px 0px 5px 5px;\">Horaire des cours<\/h2>\n<table class=\"mceItemTable\" style=\"height: 107px;\" border=\"0\" width=\"700\">\n<tbody>\n<tr>\n<td><strong>Section maternelle et Section primaire 1 <sup>\u00e8re<\/sup> et 2 <sup>\u00e8me<\/sup><\/strong><\/td>\n<td>matin<\/td>\n<td>8h40 \u00e0 12h25<\/td>\n<\/tr>\n<tr>\n<td><\/td>\n<td>apr\u00e8s-midi<\/td>\n<td>13h50 \u00e0 15h30<\/td>\n<\/tr>\n<tr>\n<td width=\"345\"><\/td>\n<td width=\"108\">mercredi<\/td>\n<td width=\"120\">8h40 \u00e0 11h35<\/td>\n<\/tr>\n<tr>\n<td><\/td>\n<td><\/td>\n<td><\/td>\n<\/tr>\n<tr>\n<td><strong>Section primaire : 3\u00e8me, 4\u00e8me, 5\u00e8me et 6\u00e8me<\/strong><\/td>\n<td>matin<\/td>\n<td>8h10 \u00e0 12h25<\/td>\n<\/tr>\n<tr>\n<td><\/td>\n<td>apr\u00e8s-midi<\/td>\n<td>13h50 \u00e0 15h30<\/td>\n<\/tr>\n<tr>\n<td><\/td>\n<td>mercredi<\/td>\n<td>8h10 \u00e0 11h35<\/td>\n<\/tr>\n<\/tbody>\n<\/table>\n<p><strong>Les \u00e9l\u00e8ves des classes maternelles doivent imp\u00e9rativement \u00eatre pr\u00e9sent pour 8h40.<\/strong><br \/>\n\u00c0 8h40, la grande porte sera ferm\u00e9e pour la s\u00e9curit\u00e9 de vos enfants.<\/p>\n<div>\n<h2><\/h2>\n<h2>Accueil en dehors des horaires de cours<\/h2>\n<p><strong>Section maternelle\u00a0<\/strong>\u00a0\u00a0 : de 7h00 \u00e0 8h40 et de 15h30 \u00e0 18h15<br \/>\n<strong>Section primaire<\/strong>\u00a0\u00a0\u00a0\u00a0\u00a0\u00a0\u00a0 : de 7h00 \u00e0 8h00 et de 16h40 \u00e0 18h15<\/p>\n<\/div>\n<h2><\/h2>\n<h2>\u00c9tude du soir<\/h2>\n<p>Des \u00e9tudes dirig\u00e9es sont organis\u00e9es de 15h40 \u00e0 16h40 le lundi, mardi et jeudi.<br \/>\nLes \u00e9l\u00e8ves qui y sont inscrits ne peuvent quitter l&rsquo;\u00e9tude avant la fin de celles-ci.<\/p>\n","protected":false},"excerpt":{"rendered":"<p>Horaire des cours Section maternelle et Section primaire 1 \u00e8re et 2 \u00e8me matin 8h40 \u00e0 12h25 apr\u00e8s-midi 13h50 \u00e0 15h30 mercredi 8h40 \u00e0 11h35 Section primaire : 3\u00e8me, 4\u00e8me, 5\u00e8me et 6\u00e8me matin 8h10 \u00e0 12h25 apr\u00e8s-midi 13h50 \u00e0<span class=\"ellipsis\">&hellip;<\/span><\/p>\n<div class=\"read-more\"><a href=\"https:\/\/ecolejjmichel.be\/index.php\/informationspratiques\/horaires\/\">Lire la suite <span class=\"screen-reader-text\">Horaires<\/span><span class=\"meta-nav\"> &#8250;<\/span><\/a><\/div>\n<p><!-- end of .read-more --><\/p>\n","protected":false},"author":1,"featured_media":0,"parent":4,"menu_order":0,"comment_status":"closed","ping_status":"closed","template":"","meta":[],"_links":{"self":[{"href":"https:\/\/ecolejjmichel.be\/index.php\/wp-json\/wp\/v2\/pages\/168"}],"collection":[{"href":"https:\/\/ecolejjmichel.be\/index.php\/wp-json\/wp\/v2\/pages"}],"about":[{"href":"https:\/\/ecolejjmichel.be\/index.php\/wp-json\/wp\/v2\/types\/page"}],"author":[{"embeddable":true,"href":"https:\/\/ecolejjmichel.be\/index.php\/wp-json\/wp\/v2\/users\/1"}],"replies":[{"embeddable":true,"href":"https:\/\/ecolejjmichel.be\/index.php\/wp-json\/wp\/v2\/comments?post=168"}],"version-history":[{"count":6,"href":"https:\/\/ecolejjmichel.be\/index.php\/wp-json\/wp\/v2\/pages\/168\/revisions"}],"predecessor-version":[{"id":213,"href":"https:\/\/ecolejjmichel.be\/index.php\/wp-json\/wp\/v2\/pages\/168\/revisions\/213"}],"up":[{"embeddable":true,"href":"https:\/\/ecolejjmichel.be\/index.php\/wp-json\/wp\/v2\/pages\/4"}],"wp:attachment":[{"href":"https:\/\/ecolejjmichel.be\/index.php\/wp-json\/wp\/v2\/media?parent=168"}],"curies":[{"name":"wp","href":"https:\/\/api.w.org\/{rel}","templated":true}]}}