{"id":190,"date":"2016-01-06T20:50:11","date_gmt":"2016-01-06T20:50:11","guid":{"rendered":"http:\/\/ecolejjmichel.be\/?page_id=190"},"modified":"2016-01-06T20:50:11","modified_gmt":"2016-01-06T20:50:11","slug":"projet-decole","status":"publish","type":"page","link":"https:\/\/ecolejjmichel.be\/index.php\/accueil\/projet-decole\/","title":{"rendered":"Projet d&rsquo;\u00e9cole"},"content":{"rendered":"<p>Projet d&rsquo;\u00e9cole rendu accessible \u00e0 tous, avec l&rsquo;aide de quelques \u00e9l\u00e8ves et approuv\u00e9 par le conseil de participation.<\/p>\n<p><a href=\"http:\/\/ecolejjmichel.be\/wp-content\/uploads\/2016\/01\/Ancien-Projet-d\u00e9cole-avant-06012016-publi\u00e9-2009.png\"  rel=\"lightbox[190] attachment wp-att-192\"><img decoding=\"async\" loading=\"lazy\" class=\"aligncenter size-full wp-image-192\" src=\"http:\/\/ecolejjmichel.be\/wp-content\/uploads\/2016\/01\/Ancien-Projet-d\u00e9cole-avant-06012016-publi\u00e9-2009.png\" alt=\"Ancien Projet d'\u00e9cole avant 06012016 - publi\u00e9 2009\" width=\"1200\" height=\"840\" srcset=\"https:\/\/ecolejjmichel.be\/wp-content\/uploads\/2016\/01\/Ancien-Projet-d\u00e9cole-avant-06012016-publi\u00e9-2009.png 1200w, https:\/\/ecolejjmichel.be\/wp-content\/uploads\/2016\/01\/Ancien-Projet-d\u00e9cole-avant-06012016-publi\u00e9-2009-300x210.png 300w, https:\/\/ecolejjmichel.be\/wp-content\/uploads\/2016\/01\/Ancien-Projet-d\u00e9cole-avant-06012016-publi\u00e9-2009-768x538.png 768w, https:\/\/ecolejjmichel.be\/wp-content\/uploads\/2016\/01\/Ancien-Projet-d\u00e9cole-avant-06012016-publi\u00e9-2009-1024x717.png 1024w, https:\/\/ecolejjmichel.be\/wp-content\/uploads\/2016\/01\/Ancien-Projet-d\u00e9cole-avant-06012016-publi\u00e9-2009-100x70.png 100w, https:\/\/ecolejjmichel.be\/wp-content\/uploads\/2016\/01\/Ancien-Projet-d\u00e9cole-avant-06012016-publi\u00e9-2009-150x105.png 150w, https:\/\/ecolejjmichel.be\/wp-content\/uploads\/2016\/01\/Ancien-Projet-d\u00e9cole-avant-06012016-publi\u00e9-2009-200x140.png 200w, https:\/\/ecolejjmichel.be\/wp-content\/uploads\/2016\/01\/Ancien-Projet-d\u00e9cole-avant-06012016-publi\u00e9-2009-450x315.png 450w, https:\/\/ecolejjmichel.be\/wp-content\/uploads\/2016\/01\/Ancien-Projet-d\u00e9cole-avant-06012016-publi\u00e9-2009-600x420.png 600w, https:\/\/ecolejjmichel.be\/wp-content\/uploads\/2016\/01\/Ancien-Projet-d\u00e9cole-avant-06012016-publi\u00e9-2009-900x630.png 900w\" sizes=\"(max-width: 1200px) 100vw, 1200px\" \/><\/a><\/p>\n","protected":false},"excerpt":{"rendered":"<p>Projet d&rsquo;\u00e9cole rendu accessible \u00e0 tous, avec l&rsquo;aide de quelques \u00e9l\u00e8ves et approuv\u00e9 par le conseil de participation.<\/p>\n","protected":false},"author":1,"featured_media":0,"parent":12,"menu_order":0,"comment_status":"closed","ping_status":"closed","template":"","meta":[],"_links":{"self":[{"href":"https:\/\/ecolejjmichel.be\/index.php\/wp-json\/wp\/v2\/pages\/190"}],"collection":[{"href":"https:\/\/ecolejjmichel.be\/index.php\/wp-json\/wp\/v2\/pages"}],"about":[{"href":"https:\/\/ecolejjmichel.be\/index.php\/wp-json\/wp\/v2\/types\/page"}],"author":[{"embeddable":true,"href":"https:\/\/ecolejjmichel.be\/index.php\/wp-json\/wp\/v2\/users\/1"}],"replies":[{"embeddable":true,"href":"https:\/\/ecolejjmichel.be\/index.php\/wp-json\/wp\/v2\/comments?post=190"}],"version-history":[{"count":1,"href":"https:\/\/ecolejjmichel.be\/index.php\/wp-json\/wp\/v2\/pages\/190\/revisions"}],"predecessor-version":[{"id":193,"href":"https:\/\/ecolejjmichel.be\/index.php\/wp-json\/wp\/v2\/pages\/190\/revisions\/193"}],"up":[{"embeddable":true,"href":"https:\/\/ecolejjmichel.be\/index.php\/wp-json\/wp\/v2\/pages\/12"}],"wp:attachment":[{"href":"https:\/\/ecolejjmichel.be\/index.php\/wp-json\/wp\/v2\/media?parent=190"}],"curies":[{"name":"wp","href":"https:\/\/api.w.org\/{rel}","templated":true}]}}