{"id":199,"date":"2016-01-06T22:15:21","date_gmt":"2016-01-06T22:15:21","guid":{"rendered":"http:\/\/ecolejjmichel.be\/?page_id=199"},"modified":"2016-01-07T16:02:50","modified_gmt":"2016-01-07T16:02:50","slug":"intervenants-exterieurs","status":"publish","type":"page","link":"https:\/\/ecolejjmichel.be\/index.php\/informationspratiques\/intervenants-exterieurs\/","title":{"rendered":"Intervenants Ext\u00e9rieurs"},"content":{"rendered":"<h3>CEM\u00f4me ( dont le projet \u00ab\u00a0Sosale\u00a0\u00bb )<\/h3>\n<p style=\"padding-left: 30px;\">L\u2019asbl CEM\u00f4me organise pour la commune de Saint-Gilles l\u2019accueil extrascolaire des enfants et des jeunes d\u00e8s l\u2019\u00e2ge de 2,5 ans jusqu\u2019\u00e0 la fin de l\u2019enseignement fondamental.<\/p>\n<p style=\"padding-left: 30px;\">Le projet \u00ab\u00a0Sosale\u00a0\u00bb (\u00ab\u00a0<strong>Si on s&rsquo;amusait Apr\u00e8s L&rsquo;Ecole<\/strong>\u00ab\u00a0) nous permet de b\u00e9n\u00e9ficier de l&rsquo;aide d&rsquo;animateurs <strong>CEM\u00f4me<\/strong> qui viennent dans l&rsquo;\u00e9cole quotidiennement renforcer l&rsquo;encadrement de l&rsquo;accueil. Plus d&rsquo;informations\u00a0 voir <a href=\"http:\/\/www.cemome.be\/\">http:\/\/www.cemome.be\/<\/a><\/p>\n<h3><\/h3>\n<h3>Ateliers DAS<\/h3>\n<p style=\"padding-left: 30px;\">Dans le cadre du dispositif d&rsquo;accrochage scolaire, nous avons un projet d&rsquo;animations durant les temps de midi. Ces ateliers sont pris en charge par des enseignants ainsi que par des personnes des ASBL \u00ab\u00a0<strong>Saint-Gilles Sport<\/strong>\u00a0\u00bb (<strong>ex-Cenforgil<\/strong>) et \u00ab\u00a0<strong>la compagnie des 9 lunes<\/strong>\u00ab\u00a0. Les enfants peuvent s&rsquo;inscrire aux ateliers.<\/p>\n<h3><\/h3>\n<h3>PMS \u00ab\u00a0Centre Psycho-M\u00e9dico-Social Communal\u00a0\u00bb de Saint-Gilles<\/h3>\n<p style=\"padding-left: 30px;\"><span style=\"font-size: small;\">\u00a0Le Centre P.M.S. r\u00e9pond aux demandes individuelles des parents \u00e0 n\u2019importe quel moment de la scolarit\u00e9 en cas de choix d\u2019orientation, de difficult\u00e9s scolaires, etc\u2026 Pour plus d&rsquo;informations : <a href=\"http:\/\/www.stgilles.irisnet.be\/fr\/services-administratifs\/instruction-publique\/centre-pms\/\">http:\/\/www.stgilles.irisnet.be\/fr\/services-administratifs\/instruction-publique\/centre-pms\/ <\/a><\/span><\/p>\n<p>&nbsp;<\/p>\n<p style=\"padding-left: 60px;\"><strong>Centre PMS communal<\/strong><\/p>\n<p style=\"padding-left: 60px;\">Rue des Etudiants 14 &#8211; 1060 Saint-Gilles<br \/>\nT\u00e9l: 02\/ 563.11.00<br \/>\nE-mail: <a href=\"mailto:pms.1060@stgilles.irisnet.be\">pms.1060@stgilles.irisnet.be<\/a><\/p>\n<h3><\/h3>\n<h3>Service de Promotion de la Sant\u00e9 \u00e0 l\u2019Ecole (SPSE)<\/h3>\n<h6 style=\"padding-left: 60px;\">Anciennement Inspection M\u00e9dicale Scolaire (IMS) &#8211; (ne d\u00e9pend plus de la commune) ou encore \u00ab\u00a0Centre de Sant\u00e9\u00a0\u00bb<\/h6>\n<p style=\"margin-bottom: 0cm; padding-left: 30px;\"><span style=\"font-size: small;\">\u00a0Le SPSE assure le suivi m\u00e9dical des \u00e9l\u00e8ves en organisant des visites m\u00e9dicales au Centre et le passage r\u00e9gulier des infirmi\u00e8res dans les \u00e9coles. Pour plus d&rsquo;informations :\u00a0<a href=\"http:\/\/www.forest.irisnet.be\/fr\/services-communaux\/education-et-enfance\/sante-a-lecole\">http:\/\/www.forest.irisnet.be\/fr\/services-communaux\/education-et-enfance\/sante-a-lecole <\/a><\/span><\/p>\n<p>&nbsp;<\/p>\n<p style=\"padding-left: 60px;\"><strong>SPSE de Forest &#8211; Antenne de Saint-Gilles<\/strong><\/p>\n<p style=\"padding-left: 60px;\">Rue des Etudiants 14a &#8211; 1060 Saint-Gilles<br \/>\nT\u00e9l: 02\/3702229<\/p>\n<p>&nbsp;<\/p>\n","protected":false},"excerpt":{"rendered":"<p>CEM\u00f4me ( dont le projet \u00ab\u00a0Sosale\u00a0\u00bb ) L\u2019asbl CEM\u00f4me organise pour la commune de Saint-Gilles l\u2019accueil extrascolaire des enfants et des jeunes d\u00e8s l\u2019\u00e2ge de 2,5 ans jusqu\u2019\u00e0 la fin de l\u2019enseignement fondamental. Le projet \u00ab\u00a0Sosale\u00a0\u00bb (\u00ab\u00a0Si on s&rsquo;amusait Apr\u00e8s<span class=\"ellipsis\">&hellip;<\/span><\/p>\n<div class=\"read-more\"><a href=\"https:\/\/ecolejjmichel.be\/index.php\/informationspratiques\/intervenants-exterieurs\/\">Lire la suite <span class=\"screen-reader-text\">Intervenants Ext\u00e9rieurs<\/span><span class=\"meta-nav\"> &#8250;<\/span><\/a><\/div>\n<p><!-- end of .read-more --><\/p>\n","protected":false},"author":1,"featured_media":0,"parent":4,"menu_order":0,"comment_status":"closed","ping_status":"closed","template":"","meta":[],"_links":{"self":[{"href":"https:\/\/ecolejjmichel.be\/index.php\/wp-json\/wp\/v2\/pages\/199"}],"collection":[{"href":"https:\/\/ecolejjmichel.be\/index.php\/wp-json\/wp\/v2\/pages"}],"about":[{"href":"https:\/\/ecolejjmichel.be\/index.php\/wp-json\/wp\/v2\/types\/page"}],"author":[{"embeddable":true,"href":"https:\/\/ecolejjmichel.be\/index.php\/wp-json\/wp\/v2\/users\/1"}],"replies":[{"embeddable":true,"href":"https:\/\/ecolejjmichel.be\/index.php\/wp-json\/wp\/v2\/comments?post=199"}],"version-history":[{"count":8,"href":"https:\/\/ecolejjmichel.be\/index.php\/wp-json\/wp\/v2\/pages\/199\/revisions"}],"predecessor-version":[{"id":215,"href":"https:\/\/ecolejjmichel.be\/index.php\/wp-json\/wp\/v2\/pages\/199\/revisions\/215"}],"up":[{"embeddable":true,"href":"https:\/\/ecolejjmichel.be\/index.php\/wp-json\/wp\/v2\/pages\/4"}],"wp:attachment":[{"href":"https:\/\/ecolejjmichel.be\/index.php\/wp-json\/wp\/v2\/media?parent=199"}],"curies":[{"name":"wp","href":"https:\/\/api.w.org\/{rel}","templated":true}]}}