{"id":26,"date":"2015-12-27T23:22:03","date_gmt":"2015-12-27T23:22:03","guid":{"rendered":"http:\/\/ecolejjmichel.be\/?page_id=26"},"modified":"2016-02-28T21:55:51","modified_gmt":"2016-02-28T20:55:51","slug":"nouveau","status":"publish","type":"page","link":"https:\/\/ecolejjmichel.be\/index.php\/nouveau\/","title":{"rendered":"Tous les articles publi\u00e9s sur le site de l&rsquo;\u00e9cole du plus r\u00e9cent au plus ancien"},"content":{"rendered":"<p>Cette page contient les derniers avis et les derni\u00e8res publications au sein de l&rsquo;\u00e9cole &#8230;<\/p>\n","protected":false},"excerpt":{"rendered":"<p>Cette page contient les derniers avis et les derni\u00e8res publications au sein de l&rsquo;\u00e9cole &#8230;<\/p>\n","protected":false},"author":1,"featured_media":0,"parent":0,"menu_order":0,"comment_status":"closed","ping_status":"closed","template":"","meta":[],"_links":{"self":[{"href":"https:\/\/ecolejjmichel.be\/index.php\/wp-json\/wp\/v2\/pages\/26"}],"collection":[{"href":"https:\/\/ecolejjmichel.be\/index.php\/wp-json\/wp\/v2\/pages"}],"about":[{"href":"https:\/\/ecolejjmichel.be\/index.php\/wp-json\/wp\/v2\/types\/page"}],"author":[{"embeddable":true,"href":"https:\/\/ecolejjmichel.be\/index.php\/wp-json\/wp\/v2\/users\/1"}],"replies":[{"embeddable":true,"href":"https:\/\/ecolejjmichel.be\/index.php\/wp-json\/wp\/v2\/comments?post=26"}],"version-history":[{"count":3,"href":"https:\/\/ecolejjmichel.be\/index.php\/wp-json\/wp\/v2\/pages\/26\/revisions"}],"predecessor-version":[{"id":797,"href":"https:\/\/ecolejjmichel.be\/index.php\/wp-json\/wp\/v2\/pages\/26\/revisions\/797"}],"wp:attachment":[{"href":"https:\/\/ecolejjmichel.be\/index.php\/wp-json\/wp\/v2\/media?parent=26"}],"curies":[{"name":"wp","href":"https:\/\/api.w.org\/{rel}","templated":true}]}}