{"id":328,"date":"2016-01-07T19:58:38","date_gmt":"2016-01-07T19:58:38","guid":{"rendered":"http:\/\/ecolejjmichel.be\/?page_id=328"},"modified":"2016-01-07T20:01:07","modified_gmt":"2016-01-07T20:01:07","slug":"inscriptions","status":"publish","type":"page","link":"https:\/\/ecolejjmichel.be\/index.php\/informationspratiques\/inscriptions\/","title":{"rendered":"Inscriptions"},"content":{"rendered":"<p>L&rsquo;\u00e9cole JJ Michel \u00e9tant une \u00e9cole communale, la proc\u00e9dure \u00e0 suivre pour l&rsquo;inscription est la suivante :<\/p>\n<p><img decoding=\"async\" loading=\"lazy\" class=\"aligncenter size-full wp-image-330\" src=\"http:\/\/ecolejjmichel.be\/wp-content\/uploads\/2016\/01\/Logo-Commune-de-Saint-Gilles.jpg\" alt=\"Logo Commune de Saint-Gilles\" width=\"293\" height=\"82\" srcset=\"https:\/\/ecolejjmichel.be\/wp-content\/uploads\/2016\/01\/Logo-Commune-de-Saint-Gilles.jpg 293w, https:\/\/ecolejjmichel.be\/wp-content\/uploads\/2016\/01\/Logo-Commune-de-Saint-Gilles-100x28.jpg 100w, https:\/\/ecolejjmichel.be\/wp-content\/uploads\/2016\/01\/Logo-Commune-de-Saint-Gilles-150x42.jpg 150w, https:\/\/ecolejjmichel.be\/wp-content\/uploads\/2016\/01\/Logo-Commune-de-Saint-Gilles-200x56.jpg 200w\" sizes=\"(max-width: 293px) 100vw, 293px\" \/><\/p>\n<p><em>\u00ab\u00a0Vous souhaitez inscrire votre (vos) enfant(s) dans l\u2019une de nos \u00e9coles fondamentales communales (Ecole 1-2, Peter Pan, Ulenspiegel, Les 4 saisons, J.J.Michel et l\u2019\u00c9cole Nouvelle).<\/em><\/p>\n<p><em>Vous trouverez ci-dessous la proc\u00e9dure d\u2019inscription \u00e0 suivre. Celle-ci s\u2019applique \u00e0 l\u2019inscription dans toutes les ann\u00e9es de l\u2019enseignement maternel et primaire ordinaire.<\/em><\/p>\n<ul>\n<li><em><strong>Les enfants qui ont un fr\u00e8re ou une s\u0153ur fr\u00e9quentant d\u00e9j\u00e0 l\u2019enseignement fondamental communal saint-gillois sont prioritaires de premier rang<\/strong>. Leur inscription sera d\u00e8s lors g\u00e9r\u00e9e par les \u00e9coles elles-m\u00eames. Le <strong>lundi 9 novembre, l&rsquo;\u00e9cole vous remettra un formulaire d&rsquo;inscription qui devra \u00eatre rendu au secr\u00e9tariat de l&rsquo;\u00e9cole pour le lundi 30 novembre au plus tard<\/strong>. <strong>Tout d\u00e9passement de d\u00e9lai entra\u00eenera une perte de la priorit\u00e9<\/strong><\/em><\/li>\n<li><em>Pour les <strong>Saint-Gillois, lesquels sont prioritaires de second rang, les inscriptions auront lieu du 4 au 29 janvier 2016 inclus, de 8h30 \u00e0 12h30, via le num\u00e9ro de t\u00e9l\u00e9phone unique 02\/563.11.98<\/strong>. <strong>Tout d\u00e9passement de d\u00e9lai entra\u00eenera une perte de la priorit\u00e9<\/strong><\/em><\/li>\n<li><em>Pour les <strong>non-Saint-Gillois<\/strong>, les inscriptions <strong>auront lieu du 15 f\u00e9vrier au 11 mars 2016 inclus, <strong>e 8h30 \u00e0 12h30, via le num\u00e9ro de t\u00e9l\u00e9phone unique 02\/563.11.98<\/strong>.<\/strong><\/em><\/li>\n<\/ul>\n<p><em>Lors de votre appel, nous vous demanderons de nous donner l\u2019\u00e9cole de votre choix, ainsi que toutes les informations relatives \u00e0 l\u2019inscription de votre enfant (nom, pr\u00e9nom, date de naissance, nom de la personne responsable, num\u00e9ro de t\u00e9l\u00e9phone et adresse o\u00f9 vous \u00e9crire, etc.).<\/em><\/p>\n<p><em>Si aucune place n\u2019est disponible, nous vous proposerons les \u00e9coles dans lesquelles il reste de la place. Si aucune solution ne vous convient, vous pourrez inscrire votre enfant sur une liste d\u2019attente, sans toutefois vous assurer d\u2019une inscription d\u00e9finitive. Nous insistons \u00e9galement sur le fait que l\u2019inscription sur liste d\u2019attente n\u2019est valable que pour l\u2019ann\u00e9e scolaire \u00e0 venir (soit 2016-2017). Il est donc indispensable de r\u00e9p\u00e9ter les d\u00e9marches chaque ann\u00e9e jusqu\u2019\u00e0 l\u2019inscription d\u00e9finitive de votre enfant.\u00a0\u00bb<\/em><\/p>\n<p>Vous pouvez \u00e9galement <a href=\"http:\/\/www.stgilles.irisnet.be\/public\/uploaded\/Enseignement\/Reglement_inscription\/ANNEXES_du_reglement_relatif_aux_inscriptions_dans_lensei.pdf\" target=\"_blank\">consulter le r\u00e8glement complet ( Adopt\u00e9 par le Conseil communal le 27 juin 2013. Modi fi\u00e9 par le Conseil communal le 29 octobre 2015. )<\/a>.<\/p>\n<p>&nbsp;<\/p>\n","protected":false},"excerpt":{"rendered":"<p>L&rsquo;\u00e9cole JJ Michel \u00e9tant une \u00e9cole communale, la proc\u00e9dure \u00e0 suivre pour l&rsquo;inscription est la suivante : \u00ab\u00a0Vous souhaitez inscrire votre (vos) enfant(s) dans l\u2019une de nos \u00e9coles fondamentales communales (Ecole 1-2, Peter Pan, Ulenspiegel, Les 4 saisons, J.J.Michel et<span class=\"ellipsis\">&hellip;<\/span><\/p>\n<div class=\"read-more\"><a href=\"https:\/\/ecolejjmichel.be\/index.php\/informationspratiques\/inscriptions\/\">Lire la suite <span class=\"screen-reader-text\">Inscriptions<\/span><span class=\"meta-nav\"> &#8250;<\/span><\/a><\/div>\n<p><!-- end of .read-more --><\/p>\n","protected":false},"author":1,"featured_media":0,"parent":4,"menu_order":0,"comment_status":"closed","ping_status":"closed","template":"","meta":[],"_links":{"self":[{"href":"https:\/\/ecolejjmichel.be\/index.php\/wp-json\/wp\/v2\/pages\/328"}],"collection":[{"href":"https:\/\/ecolejjmichel.be\/index.php\/wp-json\/wp\/v2\/pages"}],"about":[{"href":"https:\/\/ecolejjmichel.be\/index.php\/wp-json\/wp\/v2\/types\/page"}],"author":[{"embeddable":true,"href":"https:\/\/ecolejjmichel.be\/index.php\/wp-json\/wp\/v2\/users\/1"}],"replies":[{"embeddable":true,"href":"https:\/\/ecolejjmichel.be\/index.php\/wp-json\/wp\/v2\/comments?post=328"}],"version-history":[{"count":3,"href":"https:\/\/ecolejjmichel.be\/index.php\/wp-json\/wp\/v2\/pages\/328\/revisions"}],"predecessor-version":[{"id":332,"href":"https:\/\/ecolejjmichel.be\/index.php\/wp-json\/wp\/v2\/pages\/328\/revisions\/332"}],"up":[{"embeddable":true,"href":"https:\/\/ecolejjmichel.be\/index.php\/wp-json\/wp\/v2\/pages\/4"}],"wp:attachment":[{"href":"https:\/\/ecolejjmichel.be\/index.php\/wp-json\/wp\/v2\/media?parent=328"}],"curies":[{"name":"wp","href":"https:\/\/api.w.org\/{rel}","templated":true}]}}