{"id":34,"date":"2015-12-27T23:46:39","date_gmt":"2015-12-27T23:46:39","guid":{"rendered":"http:\/\/ecolejjmichel.be\/?page_id=34"},"modified":"2016-10-02T12:08:23","modified_gmt":"2016-10-02T11:08:23","slug":"annee-scolaire-2015-16","status":"publish","type":"page","link":"https:\/\/ecolejjmichel.be\/index.php\/annee-scolaire-2015-16\/","title":{"rendered":"Ann\u00e9e Scolaire 2015-16"},"content":{"rendered":"<p>Vous trouverez dans ces sous-menus toutes les articles publi\u00e9es au sujet des diff\u00e9rentes classes et niveaux de l&rsquo;\u00e9cole<\/p>\n<hr \/>\n<p><span style=\"text-decoration: underline;\"><strong>MATERNEL<\/strong><\/span><\/p>\n<p>ACC \u00a0\u00a0 \u00a0Carine et Barbara<br \/>\nM1S \u00a0\u00a0 \u00a0St\u00e9phanie<br \/>\nM1V \u00a0\u00a0 \u00a0Virginie<br \/>\nM2E-M3E Elise<br \/>\nM2I-M3I Isabelle<br \/>\nM2J-M3J J\u00e9r\u00e9my<br \/>\nM2J-M3J Joelle<\/p>\n<p><strong><span style=\"text-decoration: underline;\">PRIMAIRE<\/span><\/strong><\/p>\n<p>P1I Ingrid<br \/>\nP1L Lenaig<br \/>\nP2C Caroline<br \/>\nP2E Emilie<\/p>\n<p>P3S Sandra<br \/>\nP3T Tatiana<br \/>\nP4E Esther<br \/>\nP4J Justine<\/p>\n<p>P5A Ang\u00e9lique<br \/>\nP5N Nancy<br \/>\nP6L Louisa<br \/>\nP6V Val\u00e9rie<\/p>\n","protected":false},"excerpt":{"rendered":"<p>Vous trouverez dans ces sous-menus toutes les articles publi\u00e9es au sujet des diff\u00e9rentes classes et niveaux de l&rsquo;\u00e9cole MATERNEL ACC \u00a0\u00a0 \u00a0Carine et Barbara M1S \u00a0\u00a0 \u00a0St\u00e9phanie M1V \u00a0\u00a0 \u00a0Virginie M2E-M3E Elise M2I-M3I Isabelle M2J-M3J J\u00e9r\u00e9my M2J-M3J Joelle PRIMAIRE P1I<span class=\"ellipsis\">&hellip;<\/span><\/p>\n<div class=\"read-more\"><a href=\"https:\/\/ecolejjmichel.be\/index.php\/annee-scolaire-2015-16\/\">Lire la suite <span class=\"screen-reader-text\">Ann\u00e9e Scolaire 2015-16<\/span><span class=\"meta-nav\"> &#8250;<\/span><\/a><\/div>\n<p><!-- end of .read-more --><\/p>\n","protected":false},"author":1,"featured_media":0,"parent":0,"menu_order":0,"comment_status":"closed","ping_status":"closed","template":"","meta":[],"_links":{"self":[{"href":"https:\/\/ecolejjmichel.be\/index.php\/wp-json\/wp\/v2\/pages\/34"}],"collection":[{"href":"https:\/\/ecolejjmichel.be\/index.php\/wp-json\/wp\/v2\/pages"}],"about":[{"href":"https:\/\/ecolejjmichel.be\/index.php\/wp-json\/wp\/v2\/types\/page"}],"author":[{"embeddable":true,"href":"https:\/\/ecolejjmichel.be\/index.php\/wp-json\/wp\/v2\/users\/1"}],"replies":[{"embeddable":true,"href":"https:\/\/ecolejjmichel.be\/index.php\/wp-json\/wp\/v2\/comments?post=34"}],"version-history":[{"count":5,"href":"https:\/\/ecolejjmichel.be\/index.php\/wp-json\/wp\/v2\/pages\/34\/revisions"}],"predecessor-version":[{"id":1450,"href":"https:\/\/ecolejjmichel.be\/index.php\/wp-json\/wp\/v2\/pages\/34\/revisions\/1450"}],"wp:attachment":[{"href":"https:\/\/ecolejjmichel.be\/index.php\/wp-json\/wp\/v2\/media?parent=34"}],"curies":[{"name":"wp","href":"https:\/\/api.w.org\/{rel}","templated":true}]}}