{"id":4,"date":"2015-12-27T19:42:28","date_gmt":"2015-12-27T19:42:28","guid":{"rendered":"http:\/\/ecolejjmichel.be\/?page_id=4"},"modified":"2018-06-25T11:06:29","modified_gmt":"2018-06-25T10:06:29","slug":"informationspratiques","status":"publish","type":"page","link":"https:\/\/ecolejjmichel.be\/index.php\/informationspratiques\/","title":{"rendered":"InformationsPratiques"},"content":{"rendered":"<div id=\"texte\" class=\"rd_image\">\n<div id=\"texte_home\">\n<div>\n<h2>Contact<\/h2>\n<table class=\"mceItemTable\">\n<thead>\n<tr>\n<th colspan=\"2\">Pour nous contacter<\/th>\n<\/tr>\n<\/thead>\n<tbody>\n<tr>\n<td><strong>Adresse :<\/strong><\/td>\n<td>Rue de Bordeaux 16<\/td>\n<\/tr>\n<tr>\n<td><\/td>\n<td>1060 Bruxelles ( Saint-Gilles )<\/td>\n<\/tr>\n<tr>\n<td><\/td>\n<td>Belgique<\/td>\n<\/tr>\n<tr>\n<td><\/td>\n<td><\/td>\n<\/tr>\n<tr>\n<td><strong>Secr\u00e9tariat :<\/strong><\/td>\n<td>Laetitia Lassman<\/td>\n<\/tr>\n<tr>\n<td><\/td>\n<td>02 536 03 53<\/td>\n<\/tr>\n<tr>\n<td><\/td>\n<td>secretariatjjmichel@stgilles.irisnet.be<\/td>\n<\/tr>\n<tr>\n<td><\/td>\n<td><\/td>\n<\/tr>\n<tr>\n<td><strong>Direction :<\/strong><\/td>\n<td>Val\u00e9rie Maire<\/td>\n<\/tr>\n<tr>\n<td><\/td>\n<td>02 536 03 52<\/td>\n<\/tr>\n<tr>\n<td><\/td>\n<td>vmaire@stgilles.irisnet.be<\/td>\n<\/tr>\n<\/tbody>\n<\/table>\n<address>\u00a0<\/address>\n<\/div>\n<\/div>\n<\/div>\n<h2 style=\"text-align: left; color: #333333; margin: 15px 0px 5px 5px;\">Horaire des cours<\/h2>\n<table class=\"mceItemTable\" style=\"height: 107px;\" border=\"0\" width=\"700\">\n<tbody>\n<tr>\n<td><strong>Section maternelle et Section primaire 1 <sup>\u00e8re<\/sup> et 2 <sup>\u00e8me<\/sup><\/strong><\/td>\n<td>matin<\/td>\n<td>8h40 \u00e0 12h25<\/td>\n<\/tr>\n<tr>\n<td><\/td>\n<td>apr\u00e8s-midi<\/td>\n<td>13h50 \u00e0 15h30<\/td>\n<\/tr>\n<tr>\n<td width=\"345\"><\/td>\n<td width=\"108\">mercredi<\/td>\n<td width=\"120\">8h40 \u00e0 11h35<\/td>\n<\/tr>\n<tr>\n<td><\/td>\n<td><\/td>\n<td><\/td>\n<\/tr>\n<tr>\n<td><strong>Section primaire : 3\u00e8me, 4\u00e8me, 5\u00e8me et 6\u00e8me<\/strong><\/td>\n<td>matin<\/td>\n<td>8h10 \u00e0 12h25<\/td>\n<\/tr>\n<tr>\n<td><\/td>\n<td>apr\u00e8s-midi<\/td>\n<td>13h50 \u00e0 15h30<\/td>\n<\/tr>\n<tr>\n<td><\/td>\n<td>mercredi<\/td>\n<td>8h10 \u00e0 11h35<\/td>\n<\/tr>\n<\/tbody>\n<\/table>\n<p><strong>Les \u00e9l\u00e8ves des classes maternelles doivent imp\u00e9rativement \u00eatre l\u00e0 pour 8h40.<\/strong><br \/>\n\u00c0 8h40, la grande porte sera ferm\u00e9e pour la s\u00e9curit\u00e9 de vos enfants.<\/p>\n<div>\n<h2>Accueil en dehors des horaires de cours<\/h2>\n<p>Section maternelle\u00a0: de 7h00 \u00e0 8h40 et de 15h30 \u00e0 18h15<br \/>\nSection primaire\u00a0: de 7h00 \u00e0 8h00 et de 16h40 \u00e0 18h15<\/p>\n<\/div>\n<h2>\u00c9tude du soir<\/h2>\n<p>Des \u00e9tudes dirig\u00e9es sont organis\u00e9es de 15h40 \u00e0 16h40 le lundi, mardi et jeudi.<br \/>\nLes \u00e9l\u00e8ves qui sont inscrits ne peuvent quitter l&rsquo;\u00e9tude avant la fin.<\/p>\n<p>&nbsp;<\/p>\n<p>&nbsp;<\/p>\n<h3>CEMOME (Sosale)<\/h3>\n<p style=\"padding-left: 30px;\">Le projet \u00ab\u00a0<strong>Si on s&rsquo;amusait Apr\u00e8s L&rsquo;Ecole<\/strong>\u00a0\u00bb nous permet de b\u00e9n\u00e9ficier de l&rsquo;aide d&rsquo;animateurs <strong>CEMOME<\/strong> qui viennent dans l&rsquo;\u00e9cole quotidiennement renforcer l&rsquo;encadrement de l&rsquo;accueil. Plus d&rsquo;informations\u00a0 voir <a href=\"http:\/\/www.cemome.be\/\">http:\/\/www.cemome.be\/<\/a><\/p>\n<h3><\/h3>\n<h3>Ateliers DAS<\/h3>\n<p style=\"padding-left: 30px;\">Dans le cadre du dispositif d&rsquo;accrochage scolaire, nous avons un projet d&rsquo;animations durant les temps de midi. Ces ateliers sont pris en charge par des enseignants ainsi que par des personnes des ASBL \u00ab\u00a0<strong>Saint-Gilles Sport<\/strong>\u00a0\u00bb (<strong>ex-Cenforgil<\/strong>) et \u00ab\u00a0<strong>la compagnie des 9 lunes<\/strong>\u00ab\u00a0. Les enfants peuvent s&rsquo;inscrire aux ateliers.<\/p>\n<h3><\/h3>\n<h3>PMS \u00ab\u00a0Centre Psycho-M\u00e9dico-Social Communal\u00a0\u00bb de Saint-Gilles<\/h3>\n<p style=\"padding-left: 30px;\"><span style=\"font-size: small;\">\u00a0Le Centre P.M.S. r\u00e9pond aux demandes individuelles des parents \u00e0 n\u2019importe quel moment de la scolarit\u00e9 en cas de choix d\u2019orientation, de difficult\u00e9s scolaires, etc\u2026 Pour plus d&rsquo;informations : <a href=\"http:\/\/www.stgilles.irisnet.be\/fr\/services-administratifs\/instruction-publique\/centre-pms\/\">http:\/\/www.stgilles.irisnet.be\/fr\/services-administratifs\/instruction-publique\/centre-pms\/ <\/a><\/span><\/p>\n<p style=\"padding-left: 60px;\"><strong>Centre PMS communal<\/strong><\/p>\n<p style=\"padding-left: 60px;\">Rue des Etudiants 14 &#8211; 1060 Saint-Gilles<br \/>\nT\u00e9l: 02\/ 563.11.00<br \/>\nE-mail: <a href=\"mailto:pms.1060@stgilles.irisnet.be\">pms.1060@stgilles.irisnet.be<\/a><\/p>\n<h3><\/h3>\n<h3>Service de Promotion de la Sant\u00e9 \u00e0 l\u2019Ecole (SPSE)<\/h3>\n<h6 style=\"padding-left: 60px;\">Anciennement Inspection M\u00e9dicale Scolaire (IMS) &#8211; (ne d\u00e9pend plus de la commune) ou encore \u00ab\u00a0Centre de Sant\u00e9\u00a0\u00bb<\/h6>\n<p style=\"margin-bottom: 0cm; padding-left: 30px;\"><span style=\"font-size: small;\">\u00a0Le Centre IMS assure le suivi m\u00e9dical des \u00e9l\u00e8ves en organisant des visites m\u00e9dicales au Centre et le passage r\u00e9gulier des infirmi\u00e8res dans les \u00e9coles. Pour plus d&rsquo;informations :\u00a0<a href=\"http:\/\/www.forest.irisnet.be\/fr\/services-communaux\/education-et-enfance\/sante-a-lecole\">http:\/\/www.forest.irisnet.be\/fr\/services-communaux\/education-et-enfance\/sante-a-lecole <\/a><\/span><\/p>\n<p style=\"padding-left: 60px;\"><strong>SPSE de Forest &#8211; Antenne de Saint-Gilles<\/strong><\/p>\n<p style=\"padding-left: 60px;\">Rue des Etudiants 14a &#8211; 1060 Saint-Gilles<br \/>\nT\u00e9l: 02\/3702229<\/p>\n<p>&nbsp;<\/p>\n<p lang=\"fr-BE\" style=\"margin-bottom: 0cm;\"><span style=\"font-size: small;\">\u00a0<\/span><\/p>\n<p>&nbsp;<\/p>\n<h2>Calendrier Scolaire &#8211; Vacances et cong\u00e9s<\/h2>\n<table class=\"mceItemTable\">\n<thead>\n<tr>\n<th colspan=\"2\">Ann\u00e9e scolaire 2015-2016<\/th>\n<\/tr>\n<\/thead>\n<tbody>\n<tr>\n<td>Rentr\u00e9e scolaire<\/td>\n<td>mardi 1<sup>er<\/sup> septembre 2015<\/td>\n<\/tr>\n<tr>\n<td>Cong\u00e9 d&rsquo;automne (Toussaint)<\/td>\n<td>du lundi 2 novembre au vendredi 6 novembre 2015<\/td>\n<\/tr>\n<tr>\n<td>Comm\u00e9moration du 11 novembre<\/td>\n<td>mercredi 11 novembre 2015<\/td>\n<\/tr>\n<tr>\n<td>Vacances d&rsquo;hiver (No\u00ebl)<\/td>\n<td>du lundi 21 d\u00e9cembre 2015 au vendredi 1<sup>er<\/sup> janvier 2016<\/td>\n<\/tr>\n<tr>\n<td>Cong\u00e9 de d\u00e9tente (Carnaval)<\/td>\n<td>du lundi 8 f\u00e9vrier au vendredi 12 f\u00e9vrier 2016<\/td>\n<\/tr>\n<tr>\n<td>Vacances de printemps (P\u00e2ques)<\/td>\n<td>du lundi 28 mars au vendredi 8 avril 2016<\/td>\n<\/tr>\n<tr>\n<td>Cong\u00e9<\/td>\n<td>mercredi 4 mai 2016<\/td>\n<\/tr>\n<tr>\n<td>Cong\u00e9 de l&rsquo;Ascension<\/td>\n<td>jeudi 5 mai 2016<\/td>\n<\/tr>\n<tr>\n<td>Cong\u00e9<\/td>\n<td>vendredi 6 mai 2016<\/td>\n<\/tr>\n<tr>\n<td>Lundi de Pentec\u00f4te<\/td>\n<td>lundi 16 mai 2016<\/td>\n<\/tr>\n<tr>\n<td>Les vacances d&rsquo;\u00e9t\u00e9 d\u00e9butent le<\/td>\n<td>1<sup>er<\/sup> juillet 2016<\/td>\n<\/tr>\n<\/tbody>\n<\/table>\n<address>\u00a0<\/address>\n<address><a title=\"Calendrier Scolaire (officiel de la FWB)\" href=\"http:\/\/www.enseignement.be\/index.php?page=23953\" target=\"_blank\" rel=\"noopener noreferrer\">Lien vers le Calendrier Scolaire officiel de la F\u00e9d\u00e9ration Wallonie-Bruxelles<\/a><\/address>\n<address>\u00a0<\/address>\n<p>&nbsp;<\/p>\n<p>&nbsp;<\/p>\n<p>&nbsp;<\/p>\n","protected":false},"excerpt":{"rendered":"<p>Contact Pour nous contacter Adresse : Rue de Bordeaux 16 1060 Bruxelles ( Saint-Gilles ) Belgique Secr\u00e9tariat : Laetitia Lassman 02 536 03 53 secretariatjjmichel@stgilles.irisnet.be Direction : Val\u00e9rie Maire 02 536 03 52 vmaire@stgilles.irisnet.be \u00a0 Horaire des cours Section maternelle<span class=\"ellipsis\">&hellip;<\/span><\/p>\n<div class=\"read-more\"><a href=\"https:\/\/ecolejjmichel.be\/index.php\/informationspratiques\/\">Lire la suite <span class=\"screen-reader-text\">InformationsPratiques<\/span><span class=\"meta-nav\"> &#8250;<\/span><\/a><\/div>\n<p><!-- end of .read-more --><\/p>\n","protected":false},"author":1,"featured_media":0,"parent":0,"menu_order":0,"comment_status":"closed","ping_status":"closed","template":"","meta":[],"_links":{"self":[{"href":"https:\/\/ecolejjmichel.be\/index.php\/wp-json\/wp\/v2\/pages\/4"}],"collection":[{"href":"https:\/\/ecolejjmichel.be\/index.php\/wp-json\/wp\/v2\/pages"}],"about":[{"href":"https:\/\/ecolejjmichel.be\/index.php\/wp-json\/wp\/v2\/types\/page"}],"author":[{"embeddable":true,"href":"https:\/\/ecolejjmichel.be\/index.php\/wp-json\/wp\/v2\/users\/1"}],"replies":[{"embeddable":true,"href":"https:\/\/ecolejjmichel.be\/index.php\/wp-json\/wp\/v2\/comments?post=4"}],"version-history":[{"count":13,"href":"https:\/\/ecolejjmichel.be\/index.php\/wp-json\/wp\/v2\/pages\/4\/revisions"}],"predecessor-version":[{"id":2781,"href":"https:\/\/ecolejjmichel.be\/index.php\/wp-json\/wp\/v2\/pages\/4\/revisions\/2781"}],"wp:attachment":[{"href":"https:\/\/ecolejjmichel.be\/index.php\/wp-json\/wp\/v2\/media?parent=4"}],"curies":[{"name":"wp","href":"https:\/\/api.w.org\/{rel}","templated":true}]}}