{"id":42,"date":"2015-12-28T00:01:03","date_gmt":"2015-12-28T00:01:03","guid":{"rendered":"http:\/\/ecolejjmichel.be\/?page_id=42"},"modified":"2015-12-28T00:03:17","modified_gmt":"2015-12-28T00:03:17","slug":"archives-annees-scolaires-precedentes","status":"publish","type":"page","link":"https:\/\/ecolejjmichel.be\/index.php\/archives-annees-scolaires-precedentes\/","title":{"rendered":"Archives ( ann\u00e9es scolaires pr\u00e9c\u00e9dentes 2009 &#8211; 20.. )"},"content":{"rendered":"<p>Vous trouverez ici dans les sous-menus les articles concernant les ann\u00e9es scolaires pr\u00e9c\u00e9dentes \u00e0 partir de 2009&#8230;<\/p>\n","protected":false},"excerpt":{"rendered":"<p>Vous trouverez ici dans les sous-menus les articles concernant les ann\u00e9es scolaires pr\u00e9c\u00e9dentes \u00e0 partir de 2009&#8230;<\/p>\n","protected":false},"author":1,"featured_media":0,"parent":0,"menu_order":0,"comment_status":"closed","ping_status":"closed","template":"","meta":[],"_links":{"self":[{"href":"https:\/\/ecolejjmichel.be\/index.php\/wp-json\/wp\/v2\/pages\/42"}],"collection":[{"href":"https:\/\/ecolejjmichel.be\/index.php\/wp-json\/wp\/v2\/pages"}],"about":[{"href":"https:\/\/ecolejjmichel.be\/index.php\/wp-json\/wp\/v2\/types\/page"}],"author":[{"embeddable":true,"href":"https:\/\/ecolejjmichel.be\/index.php\/wp-json\/wp\/v2\/users\/1"}],"replies":[{"embeddable":true,"href":"https:\/\/ecolejjmichel.be\/index.php\/wp-json\/wp\/v2\/comments?post=42"}],"version-history":[{"count":2,"href":"https:\/\/ecolejjmichel.be\/index.php\/wp-json\/wp\/v2\/pages\/42\/revisions"}],"predecessor-version":[{"id":44,"href":"https:\/\/ecolejjmichel.be\/index.php\/wp-json\/wp\/v2\/pages\/42\/revisions\/44"}],"wp:attachment":[{"href":"https:\/\/ecolejjmichel.be\/index.php\/wp-json\/wp\/v2\/media?parent=42"}],"curies":[{"name":"wp","href":"https:\/\/api.w.org\/{rel}","templated":true}]}}