{"id":773,"date":"2016-02-26T11:57:19","date_gmt":"2016-02-26T10:57:19","guid":{"rendered":"http:\/\/ecolejjmichel.be\/index.php\/my-calendar\/"},"modified":"2016-02-26T16:35:44","modified_gmt":"2016-02-26T15:35:44","slug":"my-calendar","status":"publish","type":"page","link":"https:\/\/ecolejjmichel.be\/index.php\/informationspratiques\/my-calendar\/","title":{"rendered":"Agenda de l&rsquo;\u00e9cole JJ Michel"},"content":{"rendered":"\r\n<div id=\"my-calendar\" class=\"mc-main mcjs listjs gridjs minijs ajaxjs calendar month my-calendar\" aria-live='assertive' aria-atomic='true' aria-relevant='additions'><div class=\"my-calendar-header\"><div class='mc-format'><a href='https:\/\/ecolejjmichel.be\/index.php\/informationspratiques\/my-calendar\/?format=list' class='list mcajax'><span class=\"maybe-hide\">Vue en <\/span>Liste<\/a><\/div><div class='mc-time'><span class='mc-active month'>Mois<\/span><a href='https:\/\/ecolejjmichel.be\/index.php\/informationspratiques\/my-calendar\/?time=week&dy=13&month=04' class='week mcajax'>Semaine<\/a><a href='https:\/\/ecolejjmichel.be\/index.php\/informationspratiques\/my-calendar\/?time=day' class='day mcajax'>Jour<\/a><\/div>\r\n\t\t<div class=\"my-calendar-nav\">\r\n\t\t\t<ul>\r\n\t\t\t\t<li class=\"my-calendar-prev\"><a href=\"https:\/\/ecolejjmichel.be\/index.php\/informationspratiques\/my-calendar\/?yr=2026&month=3&dy&cid=my-calendar\" rel=\"nofollow\" class=\"mcajax\">Pr\u00e9c\u00e9dent<\/a><\/li><li class=\"my-calendar-next\"><a href=\"https:\/\/ecolejjmichel.be\/index.php\/informationspratiques\/my-calendar\/?yr=2026&month=5&dy&cid=my-calendar\" rel=\"nofollow\" class=\"mcajax\">Suivant<\/a><\/li>\r\n\t\t\t<\/ul>\r\n\t\t<\/div><\/div>\n<table class=\"my-calendar-table\">\n<caption class=\"heading my-calendar-month\">avril 2026 <\/caption>\n<thead>\n<tr class='mc-row'>\n<th scope=\"col\" class='day-heading mon'><abbr title=\"lundi\" aria-hidden=\"true\">lun<\/abbr><span class=\"screen-reader-text\">lundi<\/span><\/th>\n<th scope=\"col\" class='day-heading tues'><abbr title=\"mardi\" aria-hidden=\"true\">mar<\/abbr><span class=\"screen-reader-text\">mardi<\/span><\/th>\n<th scope=\"col\" class='day-heading wed'><abbr title=\"mercredi\" aria-hidden=\"true\">mer<\/abbr><span class=\"screen-reader-text\">mercredi<\/span><\/th>\n<th scope=\"col\" class='day-heading thur'><abbr title=\"jeudi\" aria-hidden=\"true\">jeu<\/abbr><span class=\"screen-reader-text\">jeudi<\/span><\/th>\n<th scope=\"col\" class='day-heading fri'><abbr title=\"vendredi\" aria-hidden=\"true\">ven<\/abbr><span class=\"screen-reader-text\">vendredi<\/span><\/th>\n<th scope=\"col\" class='weekend-heading sat'><abbr title=\"samedi\" aria-hidden=\"true\">sam<\/abbr><span class=\"screen-reader-text\">samedi<\/span><\/th>\n<th scope=\"col\" class='weekend-heading sun'><abbr title=\"dimanche\" aria-hidden=\"true\">dim<\/abbr><span class=\"screen-reader-text\">dimanche<\/span><\/th>\n\n<\/tr>\n<\/thead>\n<tbody><tr class='mc-row'><td  class='no-events lundi lun past-day past-date  nextmonth no-events day-with-date'><span class='mc-date no-events'><span aria-hidden='true'>30<\/span><span class='screen-reader-text'>30\/03\/2026<\/span><\/span><\/td>\n<td  class='no-events mardi mar past-day past-date  nextmonth no-events day-with-date'><span class='mc-date no-events'><span aria-hidden='true'>31<\/span><span class='screen-reader-text'>31\/03\/2026<\/span><\/span><\/td>\n<td  class='no-events mercredi mer past-day past-date   no-events day-with-date'><span class='mc-date no-events'><span aria-hidden='true'>1<\/span><span class='screen-reader-text'>01\/04\/2026<\/span><\/span><\/td>\n<td  class='no-events jeudi jeu past-day past-date   no-events day-with-date'><span class='mc-date no-events'><span aria-hidden='true'>2<\/span><span class='screen-reader-text'>02\/04\/2026<\/span><\/span><\/td>\n<td  class='no-events vendredi ven past-day past-date   no-events day-with-date'><span class='mc-date no-events'><span aria-hidden='true'>3<\/span><span class='screen-reader-text'>03\/04\/2026<\/span><\/span><\/td>\n<td  class='no-events samedi sam past-day past-date weekend  no-events day-with-date'><span class='mc-date no-events'><span aria-hidden='true'>4<\/span><span class='screen-reader-text'>04\/04\/2026<\/span><\/span><\/td>\n<td  class='no-events dimanche dim past-day past-date weekend  no-events day-with-date'><span class='mc-date no-events'><span aria-hidden='true'>5<\/span><span class='screen-reader-text'>05\/04\/2026<\/span><\/span><\/td>\n<\/tr>\n<tr class='mc-row'><td  class='no-events lundi lun past-day past-date   no-events day-with-date'><span class='mc-date no-events'><span aria-hidden='true'>6<\/span><span class='screen-reader-text'>06\/04\/2026<\/span><\/span><\/td>\n<td  class='no-events mardi mar past-day past-date   no-events day-with-date'><span class='mc-date no-events'><span aria-hidden='true'>7<\/span><span class='screen-reader-text'>07\/04\/2026<\/span><\/span><\/td>\n<td  class='no-events mercredi mer past-day past-date   no-events day-with-date'><span class='mc-date no-events'><span aria-hidden='true'>8<\/span><span class='screen-reader-text'>08\/04\/2026<\/span><\/span><\/td>\n<td  class='no-events jeudi jeu past-day past-date   no-events day-with-date'><span class='mc-date no-events'><span aria-hidden='true'>9<\/span><span class='screen-reader-text'>09\/04\/2026<\/span><\/span><\/td>\n<td  class='no-events vendredi ven past-day past-date   no-events day-with-date'><span class='mc-date no-events'><span aria-hidden='true'>10<\/span><span class='screen-reader-text'>10\/04\/2026<\/span><\/span><\/td>\n<td  class='no-events samedi sam past-day past-date weekend  no-events day-with-date'><span class='mc-date no-events'><span aria-hidden='true'>11<\/span><span class='screen-reader-text'>11\/04\/2026<\/span><\/span><\/td>\n<td  class='no-events dimanche dim past-day past-date weekend  no-events day-with-date'><span class='mc-date no-events'><span aria-hidden='true'>12<\/span><span class='screen-reader-text'>12\/04\/2026<\/span><\/span><\/td>\n<\/tr>\n<tr class='mc-row'><td  class='no-events lundi lun past-day past-date   no-events day-with-date'><span class='mc-date no-events'><span aria-hidden='true'>13<\/span><span class='screen-reader-text'>13\/04\/2026<\/span><\/span><\/td>\n<td  class='no-events mardi mar past-day past-date   no-events day-with-date'><span class='mc-date no-events'><span aria-hidden='true'>14<\/span><span class='screen-reader-text'>14\/04\/2026<\/span><\/span><\/td>\n<td  class='no-events mercredi mer past-day past-date   no-events day-with-date'><span class='mc-date no-events'><span aria-hidden='true'>15<\/span><span class='screen-reader-text'>15\/04\/2026<\/span><\/span><\/td>\n<td  class='no-events jeudi jeu past-day past-date   no-events day-with-date'><span class='mc-date no-events'><span aria-hidden='true'>16<\/span><span class='screen-reader-text'>16\/04\/2026<\/span><\/span><\/td>\n<td  class='no-events vendredi ven past-day past-date   no-events day-with-date'><span class='mc-date no-events'><span aria-hidden='true'>17<\/span><span class='screen-reader-text'>17\/04\/2026<\/span><\/span><\/td>\n<td  aria-current=\"date\" class='no-events samedi sam current-day weekend  no-events day-with-date'><span class='mc-date no-events'><span aria-hidden='true'>18<\/span><span class='screen-reader-text'>18\/04\/2026<\/span><\/span><\/td>\n<td  class='no-events dimanche dim future-day weekend  no-events day-with-date'><span class='mc-date no-events'><span aria-hidden='true'>19<\/span><span class='screen-reader-text'>19\/04\/2026<\/span><\/span><\/td>\n<\/tr>\n<tr class='mc-row'><td  class='no-events lundi lun future-day   no-events day-with-date'><span class='mc-date no-events'><span aria-hidden='true'>20<\/span><span class='screen-reader-text'>20\/04\/2026<\/span><\/span><\/td>\n<td  class='no-events mardi mar future-day   no-events day-with-date'><span class='mc-date no-events'><span aria-hidden='true'>21<\/span><span class='screen-reader-text'>21\/04\/2026<\/span><\/span><\/td>\n<td  class='no-events mercredi mer future-day   no-events day-with-date'><span class='mc-date no-events'><span aria-hidden='true'>22<\/span><span class='screen-reader-text'>22\/04\/2026<\/span><\/span><\/td>\n<td  class='no-events jeudi jeu future-day   no-events day-with-date'><span class='mc-date no-events'><span aria-hidden='true'>23<\/span><span class='screen-reader-text'>23\/04\/2026<\/span><\/span><\/td>\n<td  class='no-events vendredi ven future-day   no-events day-with-date'><span class='mc-date no-events'><span aria-hidden='true'>24<\/span><span class='screen-reader-text'>24\/04\/2026<\/span><\/span><\/td>\n<td  class='no-events samedi sam future-day weekend  no-events day-with-date'><span class='mc-date no-events'><span aria-hidden='true'>25<\/span><span class='screen-reader-text'>25\/04\/2026<\/span><\/span><\/td>\n<td  class='no-events dimanche dim future-day weekend  no-events day-with-date'><span class='mc-date no-events'><span aria-hidden='true'>26<\/span><span class='screen-reader-text'>26\/04\/2026<\/span><\/span><\/td>\n<\/tr>\n<tr class='mc-row'><td  class='no-events lundi lun future-day   no-events day-with-date'><span class='mc-date no-events'><span aria-hidden='true'>27<\/span><span class='screen-reader-text'>27\/04\/2026<\/span><\/span><\/td>\n<td  class='no-events mardi mar future-day   no-events day-with-date'><span class='mc-date no-events'><span aria-hidden='true'>28<\/span><span class='screen-reader-text'>28\/04\/2026<\/span><\/span><\/td>\n<td  class='no-events mercredi mer future-day   no-events day-with-date'><span class='mc-date no-events'><span aria-hidden='true'>29<\/span><span class='screen-reader-text'>29\/04\/2026<\/span><\/span><\/td>\n<td  class='no-events jeudi jeu future-day   no-events day-with-date'><span class='mc-date no-events'><span aria-hidden='true'>30<\/span><span class='screen-reader-text'>30\/04\/2026<\/span><\/span><\/td>\n<td  class='no-events vendredi ven future-day  nextmonth no-events day-with-date'><span class='mc-date no-events'><span aria-hidden='true'>1<\/span><span class='screen-reader-text'>01\/05\/2026<\/span><\/span><\/td>\n<td  class='no-events samedi sam future-day weekend nextmonth no-events day-with-date'><span class='mc-date no-events'><span aria-hidden='true'>2<\/span><span class='screen-reader-text'>02\/05\/2026<\/span><\/span><\/td>\n<td  class='no-events dimanche dim future-day weekend nextmonth no-events day-with-date'><span class='mc-date no-events'><span aria-hidden='true'>3<\/span><span class='screen-reader-text'>03\/05\/2026<\/span><\/span><\/td>\n<\/tr>\n\n<\/tbody>\n<\/table><div class='mc_bottomnav my-calendar-footer'><div class=\"category-key\"><h3>Cat\u00e9gories<\/h3>\n<ul>\n<li class=\"cat_association-des-parents--apjjm-\"><a href=\"https:\/\/ecolejjmichel.be\/index.php\/informationspratiques\/my-calendar\/?mcat=2\" class=\"mcajax\"><span class=\"category-color-sample\"><img src=\"https:\/\/ecolejjmichel.be\/wp-content\/plugins\/my-calendar\/images\/icons\/meeting.png\" alt=\"\" style=\"background:#bad6b6;\" \/><\/span>Association Des Parents ( APJJM )<\/a><\/li><li class=\"cat_congs-et-vacances-journes-pdagogiques\"><a href=\"https:\/\/ecolejjmichel.be\/index.php\/informationspratiques\/my-calendar\/?mcat=4\" class=\"mcajax\"><span class=\"category-color-sample\"><img src=\"https:\/\/ecolejjmichel.be\/wp-content\/plugins\/my-calendar\/images\/icons\/ball.png\" alt=\"\" style=\"background:#b3e2f2;\" \/><\/span>Cong\u00e9s et Vacances, Journ\u00e9es p\u00e9dagogiques<\/a><\/li><li class=\"cat_gnral\"><a href=\"https:\/\/ecolejjmichel.be\/index.php\/informationspratiques\/my-calendar\/?mcat=1\" class=\"mcajax\"><span class=\"category-color-sample\"><img src=\"https:\/\/ecolejjmichel.be\/wp-content\/plugins\/my-calendar\/images\/icons\/event-2.png\" alt=\"\" style=\"background:#ffffcc;\" \/><\/span>G\u00e9n\u00e9ral<\/a><\/li><li class=\"cat_maternelle\"><a href=\"https:\/\/ecolejjmichel.be\/index.php\/informationspratiques\/my-calendar\/?mcat=6\" class=\"mcajax\"><span class=\"category-color-sample\"><img src=\"https:\/\/ecolejjmichel.be\/wp-content\/plugins\/my-calendar\/images\/icons\/art.png\" alt=\"\" style=\"background:#c4a3e2;\" \/><\/span>Maternelle<\/a><\/li><li class=\"cat_primaire\"><a href=\"https:\/\/ecolejjmichel.be\/index.php\/informationspratiques\/my-calendar\/?mcat=5\" class=\"mcajax\"><span class=\"category-color-sample\"><img src=\"https:\/\/ecolejjmichel.be\/wp-content\/plugins\/my-calendar\/images\/icons\/pi.png\" alt=\"\" style=\"background:#ddd7ba;\" \/><\/span>Primaire<\/a><\/li><\/ul><\/div>\n\r\n<div class='mc-export'>\r\n\t<ul>\n\t<li class='rss'><a href='https:\/\/ecolejjmichel.be\/index.php\/feed\/my-calendar-rss\/'>RSS<\/a><\/li>\n\t<li class='ics google'><a href='https:\/\/ecolejjmichel.be\/index.php\/feed\/my-calendar-google\/'>Google<\/a><\/li>\n\t<li class='ics outlook'><a href='https:\/\/ecolejjmichel.be\/index.php\/feed\/my-calendar-outlook\/'>Outlook<\/a><\/li><\/ul>\r\n<\/div>\n<div class='mc-print'><a href='https:\/\/ecolejjmichel.be?time=month&yr=2026&month=04&dy=1&href=https%3A%2F%2Fecolejjmichel.be%2Findex.php%2Fwp-json%2Fwp%2Fv2%2Fpages%2F773%2F&cid=mc-print-view'><span class=\"maybe-hide\">Vue<\/span> impression<\/a><\/div><\/div>\r\n<\/div>\n","protected":false},"excerpt":{"rendered":"","protected":false},"author":1,"featured_media":0,"parent":4,"menu_order":0,"comment_status":"closed","ping_status":"closed","template":"page-templates\/full-width-page.php","meta":[],"_links":{"self":[{"href":"https:\/\/ecolejjmichel.be\/index.php\/wp-json\/wp\/v2\/pages\/773"}],"collection":[{"href":"https:\/\/ecolejjmichel.be\/index.php\/wp-json\/wp\/v2\/pages"}],"about":[{"href":"https:\/\/ecolejjmichel.be\/index.php\/wp-json\/wp\/v2\/types\/page"}],"author":[{"embeddable":true,"href":"https:\/\/ecolejjmichel.be\/index.php\/wp-json\/wp\/v2\/users\/1"}],"replies":[{"embeddable":true,"href":"https:\/\/ecolejjmichel.be\/index.php\/wp-json\/wp\/v2\/comments?post=773"}],"version-history":[{"count":4,"href":"https:\/\/ecolejjmichel.be\/index.php\/wp-json\/wp\/v2\/pages\/773\/revisions"}],"predecessor-version":[{"id":796,"href":"https:\/\/ecolejjmichel.be\/index.php\/wp-json\/wp\/v2\/pages\/773\/revisions\/796"}],"up":[{"embeddable":true,"href":"https:\/\/ecolejjmichel.be\/index.php\/wp-json\/wp\/v2\/pages\/4"}],"wp:attachment":[{"href":"https:\/\/ecolejjmichel.be\/index.php\/wp-json\/wp\/v2\/media?parent=773"}],"curies":[{"name":"wp","href":"https:\/\/api.w.org\/{rel}","templated":true}]}}