{"id":780,"date":"2016-02-26T13:13:00","date_gmt":"2016-02-26T12:13:00","guid":{"rendered":"http:\/\/ecolejjmichel.be\/?page_id=780"},"modified":"2016-02-26T13:36:49","modified_gmt":"2016-02-26T12:36:49","slug":"le-batiment-1891","status":"publish","type":"page","link":"https:\/\/ecolejjmichel.be\/index.php\/accueil\/le-batiment-1891\/","title":{"rendered":"Le b\u00e2timent (1891)"},"content":{"rendered":"<p><span style=\"text-decoration: underline;\">Remarque pr\u00e9alable<\/span> : cette page est un extrait du site irismonument.be (\u00a0 \u00a9 MRBC-DMS )\u00a0 qui fait l&rsquo;inventaire du patrimoine architectural de la R\u00e9gion de Bruxelles-Capitale. La page de ce site qui d\u00e9crit le b\u00e2timent abritant notre \u00e9cole est la suivante :\u00a0 <a href=\"http:\/\/www.irismonument.be\/fr.Saint-Gilles.Rue_de_Bordeaux.14.html\" target=\"_blank\"> http:\/\/www.irismonument.be\/fr.Saint-Gilles.Rue_de_Bordeaux.14.html<\/a><\/p>\n<p>Vous y trouverez plus d&rsquo;informations et de photos.<\/p>\n<div id=\"previews\">\n<div class=\"my-gallery\" data-pswp-uid=\"1\">\n<hr \/>\n<\/div>\n<\/div>\n<div id=\"titre_principal\">\n<h2 class=\"top_titre\" style=\"text-align: center;\"><span style=\"text-decoration: underline; color: #000000;\"><a style=\"color: #000000;\" href=\"http:\/\/www.irismonument.be\/fr.Saint-Gilles.html\">Saint-Gilles :\u00a0 <\/a>Ecole communale n\u00b0 6 J. J. Michel\u00a0 <a style=\"color: #000000;\" href=\"http:\/\/www.irismonument.be\/fr.Saint-Gilles.Rue_de_Bordeaux.html\">Rue de Bordeaux<\/a> 14-16<\/span><\/h2>\n<p style=\"text-align: center;\"><span style=\"text-decoration: underline;\">Recherches et r\u00e9daction<\/span> : 1997-2004.\u00a0 \u00a9 MRBC-DMS<\/p>\n<\/div>\n<div class=\"content_text\">\n<p style=\"text-align: center;\"><em>\u00c9cole primaire et gardienne, con\u00e7ue en 1891 par l&rsquo;arch. communal Edmond Qu\u00e9tin. Ce dernier est l&rsquo;auteur de plusieurs \u00e9tablissements scolaires dans la commune, dont celui de la pl. de Bethl\u00e9em ainsi que certaines parties de l&rsquo;\u00c9cole Mod\u00e8le bd Maurice Lemonnier \u00e0 Bruxelles, r\u00e9alisations exemplaires r\u00e9pondant aux nouvelles exigences d&rsquo;organisation et d&rsquo;hygi\u00e8ne. L&rsquo;\u00c9cole n<sup>o<\/sup> 6, initialement destin\u00e9e aux filles, est act. mixte.<\/em><\/p>\n<p><em>Le plan s&rsquo;organise autour de deux espaces rect., un pr\u00e9au (D) et une cour (F), perpendiculaires \u00e0 la rue de Bordeaux. \u00c0 front de cette derni\u00e8re se dressent deux volumes. Celui de dr. (I) abrite des classes et m\u00e8ne, via une entr\u00e9e axiale, \u00e0 la vaste cour de r\u00e9cr\u00e9ation (F). \u00c0 l&rsquo;origine, cette cour \u00e9tait bord\u00e9e, \u00e0 dr., par un jardin (G) donnant sur la r. de Lausanne, remplac\u00e9 en 1977 par un immeuble \u00e0 appartements portant le n<sup>o<\/sup> 5-7 de cette rue. Le volume de g. (H), qui abrite la conciergerie, est prolong\u00e9 par le pr\u00e9au (D). \u00c0 g. de ce dernier, une haute chemin\u00e9e de briques servant \u00e0 la chaudi\u00e8re. Entre pr\u00e9au et cour s&rsquo;\u00e9tire un long volume de classes (E), faisant face, de l&rsquo;autre c\u00f4t\u00e9 du pr\u00e9au, \u00e0 un volume similaire (C). Celui-ci est termin\u00e9 par un gymnase (A) et bord\u00e9, \u00e0 g., par une cour d&rsquo;exercices (B).<\/em><br \/>\n<em> <span class=\"inner_illustration\"><br \/>\n<a class=\"zoom\" href=\"http:\/\/www.irismonument.be\/570.buildings.10601023_0014_W03.JPG\" target=\"_blank\" rel=\"lightbox[780]\"><img decoding=\"async\" loading=\"lazy\" class=\"aligncenter\" src=\"http:\/\/www.irismonument.be\/manager\/phpThumb\/phpThumb.php?src=..\/..\/medias\/buildings\/10601023_0014_W03.JPG&amp;h=264\" alt=\"Rue de Bordeaux 14-16, \u00e9cole communale nsupo\/sup 6, 1891, arch. Edmond Qu\u00e9tin, plan du Rued.Chauss\u00e9e (L\u2019\u00c9mulation, 1893, col. 189, Pl. 44).\" width=\"628\" height=\"492\" \/><br \/>\nRue de Bordeaux 14-16, \u00e9cole communale nsupo\/sup 6, 1891, arch. Edmond Qu\u00e9tin, plan du Rued.Chauss\u00e9e (L\u2019\u00c9mulation, 1893, col. 189, Pl. 44). \u00a9 MRBC-DMS<br \/>\n<\/a><\/span><\/em><br \/>\n<em> L&rsquo;\u00e9l\u00e9vation \u00e0 front de rue compte deux niveaux en briques, rehauss\u00e9e de pierre bleue et blanche et ponctu\u00e9e de pointes de diamantBossage comptant plusieurs facettes, comme la pointe d\u2019un diamant. et d&rsquo;ancresPi\u00e8ce m\u00e9tallique apparente ou noy\u00e9e dans l\u2019enduit de fa\u00e7ade, fix\u00e9e \u00e0 l\u2019extr\u00e9mit\u00e9 d\u2019un tirant en fer pour solidariser les murs et les planchers. Il existe des ancres purement d\u00e9coratives, non reli\u00e9es \u00e0 des tirants.. SoubassementPartie massive d\u2019un b\u00e2timent construite au sol et constituant l\u2019assise du b\u00e2timent. \u00c0 Bruxelles, le soubassement est d\u2019ordinaire en pierre bleue. ponctu\u00e9 de bossagesBossage. Saillie de la face d\u2019un bloc de pierre par rapport au nu de la ma\u00e7onnerie. Un bossage est dit un sur deux lorsqu\u2019un parement pr\u00e9sente une alternance d\u2019assises de blocs en bossages et de blocs dont le parement reste au nu de la ma\u00e7onnerie. Un bossage est dit rustique lorsque son parement est d\u2019une taille grossi\u00e8re. Il est dit continu lorsqu&rsquo;il se prolonge sur une assise enti\u00e8re. rustiques. La plupart des fen\u00eatres sont \u00e0 arcStructure appareill\u00e9e de couvrement, cintr\u00e9e selon un profil donn\u00e9. surbaiss\u00e9Un \u00e9l\u00e9ment est dit surbaiss\u00e9 lorsqu\u2019il est cintr\u00e9 en arc de cercle inf\u00e9rieur au demi-cercle..<\/em><\/p>\n<p><em>La fa\u00e7ade du volume de dr. (I) compte neuf trav\u00e9es1. Division verticale d\u2019une \u00e9l\u00e9vation, compos\u00e9e d\u2019une superposition d\u2019ouvertures, r\u00e9elles ou feintes. 2. En plan, la trav\u00e9e est l&rsquo;espace compris entre deux rang\u00e9es de supports dispos\u00e9es perpendiculairement \u00e0 la fa\u00e7ade. \u00e9gales, celle dans l&rsquo;axe en ressautSaillie d&rsquo;une partie de mur par rapport \u00e0 l\u2019alignement g\u00e9n\u00e9ral. est couronn\u00e9e d&rsquo;un pignonPartie sup\u00e9rieure d\u2019un mur-pignon, parall\u00e8le aux fermes de charpenterie, correspondant \u00e0 la hauteur du comble. Il poss\u00e8de des rampants de formes vari\u00e9es : droits, chantourn\u00e9s, etc.. Trav\u00e9es1. Division verticale d\u2019une \u00e9l\u00e9vation, compos\u00e9e d\u2019une superposition d\u2019ouvertures, r\u00e9elles ou feintes. 2. En plan, la trav\u00e9e est l&rsquo;espace compris entre deux rang\u00e9es de supports dispos\u00e9es perpendiculairement \u00e0 la fa\u00e7ade. lat\u00e9rales d\u00e9limit\u00e9es par des pilastres\u00c9l\u00e9ment vertical plat en ressaut qui \u00e9voque un support (un pilier engag\u00e9). Il peut \u00eatre muni d\u2019une base et d\u2019un chapiteau., sous entablementCouronnement horizontal qui se compose d\u2019une architrave, d\u2019une frise puis d\u2019une corniche. Les fa\u00e7ades sont d\u2019ordinaire coiff\u00e9es d\u2019un entablement. On peut \u00e9galement trouver un petit entablement au-dessus d\u2019une baie ou d\u2019une lucarne. en ressautSaillie d&rsquo;une partie de mur par rapport \u00e0 l\u2019alignement g\u00e9n\u00e9ral. \u00e0 architraveMoulure inf\u00e9rieure de l\u2019entablement, situ\u00e9e sous la frise. \u00e0 modillons\u00c9l\u00e9ments d\u00e9coratifs de forme quelconque, r\u00e9p\u00e9t\u00e9s sous une corniche. de pierre. Trav\u00e9e1. Division verticale d\u2019une \u00e9l\u00e9vation, compos\u00e9e d\u2019une superposition d\u2019ouvertures, r\u00e9elles ou feintes. 2. En plan, la trav\u00e9e est l&rsquo;espace compris entre deux rang\u00e9es de supports dispos\u00e9es perpendiculairement \u00e0 la fa\u00e7ade. axiale \u00e0 angles partiellement harp\u00e9sLes harpes sont une superposition d\u2019\u00e9l\u00e9ments dont la t\u00eate est alternativement courte et longue., perc\u00e9e d&rsquo;une porte \u00e0 arcStructure appareill\u00e9e de couvrement, cintr\u00e9e selon un profil donn\u00e9. en anse de panierUn \u00e9l\u00e9ment est dit en anse de panier lorsqu\u2019il est cintr\u00e9 en demi-ovale. sous archivolteMouluration dispos\u00e9e sur le front de l\u2019arc. Le corps de moulures qui compose l\u2019archivolte est de faible ampleur, moins complexe que celui de la corniche.. Cette derni\u00e8re est interrompue par un cartoucheD\u00e9cor compos\u00e9 d\u2019une table plane ou bomb\u00e9e, aux contours g\u00e9n\u00e9ralement sinueux, bord\u00e9e d\u2019un d\u00e9cor sculpt\u00e9 et\/ou d\u2019une mouluration, et sur laquelle prend parfois place un blason ou une inscription. Le m\u00e9daillon est un cartouche rond ou ovale. mill\u00e9sim\u00e9 \u00ab MDCCCXCI \u00bb, couronn\u00e9 d&rsquo;un petit frontonCouronnement de forme triangulaire ou courbe, \u00e0 tympan et cadre moulur\u00e9 form\u00e9 de corniches.. \u00c0 l&rsquo;\u00e9tage, deux \u00e9troites fen\u00eatres jumel\u00e9esDes \u00e9l\u00e9ments sont dits jumeaux, jumel\u00e9s ou g\u00e9min\u00e9s lorsqu\u2019ils sont r\u00e9p\u00e9t\u00e9s de mani\u00e8re identique. Ces \u00e9l\u00e9ments peuvent \u00eatre plus nombreux que deux., \u00e0 arcStructure appareill\u00e9e de couvrement, cintr\u00e9e selon un profil donn\u00e9. en plein cintreUn \u00e9l\u00e9ment est dit en plein cintre lorsqu\u2019il est cintr\u00e9 en demi-cercle., sous arc de d\u00e9chargeArc noy\u00e9 dans un mur plein, qui surmonte g\u00e9n\u00e9ralement un linteau ou un autre couvrement et sert \u00e0 le soulager. commun en anse de panierUn \u00e9l\u00e9ment est dit en anse de panier lorsqu\u2019il est cintr\u00e9 en demi-ovale.. En all\u00e8gePartie de mur situ\u00e9e sous l\u2019appui de fen\u00eatre. La table d\u2019all\u00e8ge est une table situ\u00e9e sous l\u2019appui de fen\u00eatre., cartoucheD\u00e9cor compos\u00e9 d\u2019une table plane ou bomb\u00e9e, aux contours g\u00e9n\u00e9ralement sinueux, bord\u00e9e d\u2019un d\u00e9cor sculpt\u00e9 et\/ou d\u2019une mouluration, et sur laquelle prend parfois place un blason ou une inscription. Le m\u00e9daillon est un cartouche rond ou ovale. portant la mention \u00ab ecole gardienne \/ bewaarschool \u00bb. PignonPartie sup\u00e9rieure d\u2019un mur-pignon, parall\u00e8le aux fermes de charpenterie, correspondant \u00e0 la hauteur du comble. Il poss\u00e8de des rampants de formes vari\u00e9es : droits, chantourn\u00e9s, etc. perc\u00e9 d&rsquo;une petite fen\u00eatre \u00e0 arcStructure appareill\u00e9e de couvrement, cintr\u00e9e selon un profil donn\u00e9. en plein cintreUn \u00e9l\u00e9ment est dit en plein cintre lorsqu\u2019il est cintr\u00e9 en demi-cercle. et ponctu\u00e9 de trois amortissementsAmortissement. \u00c9l\u00e9ment d\u00e9coratif plac\u00e9 au sommet d\u2019une \u00e9l\u00e9vation.Amorti. Somm\u00e9 d&rsquo;un amortissement. de pierre bleue, deux vases et un ob\u00e9lisque\u00c9l\u00e9ment en forme de pyramide \u00e9lanc\u00e9e et tronqu\u00e9e.. Ch\u00e2ssisPartie en menuiserie d&rsquo;une fen\u00eatre. \u00e0 guillotineUne fen\u00eatre \u00e0 guillotine est une fen\u00eatre dont l\u2019ouvrant coulisse dans une rainure verticale, \u00e9voquant ainsi une guillotine..<\/em><\/p>\n<p><em>La fa\u00e7ade du volume de g. (H), de moindre hauteur, compte trois trav\u00e9es1. Division verticale d\u2019une \u00e9l\u00e9vation, compos\u00e9e d\u2019une superposition d\u2019ouvertures, r\u00e9elles ou feintes. 2. En plan, la trav\u00e9e est l&rsquo;espace compris entre deux rang\u00e9es de supports dispos\u00e9es perpendiculairement \u00e0 la fa\u00e7ade. \u00e9gales, flanqu\u00e9es, \u00e0 dr., d&rsquo;une monumentale trav\u00e9e d&rsquo;entr\u00e9eTrav\u00e9e perc\u00e9e de la porte d\u2019entr\u00e9e. en ressautSaillie d&rsquo;une partie de mur par rapport \u00e0 l\u2019alignement g\u00e9n\u00e9ral., d&rsquo;inspiration n\u00e9o-baroqueLe style n\u00e9o-baroque (de 1860 \u00e0 1914 environ) se r\u00e9f\u00e8re \u00e0 l\u2019art baroque (XVIIe et 1er quart du XVIIIe si\u00e8cle) et en reprend certains \u00e9l\u00e9ments d\u00e9coratifs : pignon \u00e0 volutes, pilastres colossaux, d\u00e9cor emprunt d\u2019une certaine vigueur et d\u2019un fort relief (bossages, harpes, encadrements en saillie).. Vaste porte rect. \u00e0 double vantailLe mot vantail d\u00e9signe le battant d\u2019une porte ou d\u2019une fen\u00eatre. de bois orn\u00e9 de pointes de diamantBossage comptant plusieurs facettes, comme la pointe d\u2019un diamant. et de besantsOrnement sculpt\u00e9 sph\u00e9ro\u00efde ou en forme de disque.. Haute baieOuverture, d&rsquo;ordinaire une porte ou une fen\u00eatre, m\u00e9nag\u00e9e dans un pan de mur, ainsi que son encadrement. d&rsquo;imposteUn \u00e9l\u00e9ment dit en imposte se situe \u00e0 hauteur du sommet des pi\u00e9droits. Imposte de menuiserie ou jour d\u2019imposte. Ouverture dans la partie sup\u00e9rieure du dormant d\u2019une menuiserie. \u00e0 arcStructure appareill\u00e9e de couvrement, cintr\u00e9e selon un profil donn\u00e9. en anse de panierUn \u00e9l\u00e9ment est dit en anse de panier lorsqu\u2019il est cintr\u00e9 en demi-ovale. ponctu\u00e9 de claveauxClaveau. \u00c9l\u00e9ment d\u2019appareil en pierre d\u2019un arc ou d\u2019une plate-bande.Clav\u00e9. Compos\u00e9 de claveaux. \u00e0 bossagesBossage. Saillie de la face d\u2019un bloc de pierre par rapport au nu de la ma\u00e7onnerie. Un bossage est dit un sur deux lorsqu\u2019un parement pr\u00e9sente une alternance d\u2019assises de blocs en bossages et de blocs dont le parement reste au nu de la ma\u00e7onnerie. Un bossage est dit rustique lorsque son parement est d\u2019une taille grossi\u00e8re. Il est dit continu lorsqu&rsquo;il se prolonge sur une assise enti\u00e8re.. Au-del\u00e0 du milieu de la baieOuverture, d&rsquo;ordinaire une porte ou une fen\u00eatre, m\u00e9nag\u00e9e dans un pan de mur, ainsi que son encadrement. d&rsquo;imposteUn \u00e9l\u00e9ment dit en imposte se situe \u00e0 hauteur du sommet des pi\u00e9droits. Imposte de menuiserie ou jour d\u2019imposte. Ouverture dans la partie sup\u00e9rieure du dormant d\u2019une menuiserie., la trav\u00e9e1. Division verticale d\u2019une \u00e9l\u00e9vation, compos\u00e9e d\u2019une superposition d\u2019ouvertures, r\u00e9elles ou feintes. 2. En plan, la trav\u00e9e est l&rsquo;espace compris entre deux rang\u00e9es de supports dispos\u00e9es perpendiculairement \u00e0 la fa\u00e7ade. est trait\u00e9e en encorbellementUne partie d&rsquo;\u00e9l\u00e9vation est dite en encorbellement lorsqu&rsquo;elle s\u2019avance en surplomb., sur culotsCulot ou cul-de-lampe. Support de section d\u00e9croissante, partiellement engag\u00e9 dans un mur et portant une charge comme une logette, un balcon, une statue, etc. Le cul-de-lampe est d&rsquo;ordinaire form\u00e9 de plusieurs assises, contrairement au culot, habituellement de dimensions plus menues. de pierre bleue. Elle est couronn\u00e9e par un frontonCouronnement de forme triangulaire ou courbe, \u00e0 tympan et cadre moulur\u00e9 form\u00e9 de corniches. courbe accost\u00e9 d&rsquo;ailerons\u00c9l\u00e9ment d\u00e9coratif ordinairement enroul\u00e9 en S et termin\u00e9 en volutes, qui s\u2019inscrit dans un angle et forme un adoucissement. et interrompu par un amortissementAmortissement. \u00c9l\u00e9ment d\u00e9coratif plac\u00e9 au sommet d\u2019une \u00e9l\u00e9vation.Amorti. Somm\u00e9 d&rsquo;un amortissement. en ob\u00e9lisque\u00c9l\u00e9ment en forme de pyramide \u00e9lanc\u00e9e et tronqu\u00e9e.. Sous le frontonCouronnement de forme triangulaire ou courbe, \u00e0 tympan et cadre moulur\u00e9 form\u00e9 de corniches., large cartoucheD\u00e9cor compos\u00e9 d\u2019une table plane ou bomb\u00e9e, aux contours g\u00e9n\u00e9ralement sinueux, bord\u00e9e d\u2019un d\u00e9cor sculpt\u00e9 et\/ou d\u2019une mouluration, et sur laquelle prend parfois place un blason ou une inscription. Le m\u00e9daillon est un cartouche rond ou ovale. portant la mention \u00ab ecole primaire \/ lagere school \u00bb. \u00c0 g. de la porte, plaque comm\u00e9morative ronde en bronze \u00e0 la m\u00e9moire de J. J. Michel.<\/em><\/p>\n<p><em>Les fa\u00e7ades donnant sur les cours (F, B) reprennent, dans une veine plus sobre, l&rsquo;ordonnance des fa\u00e7ades \u00e0 rue.<\/em><br \/>\n<em> <span class=\"inner_illustration\"><br \/>\n<a class=\"zoom\" href=\"http:\/\/www.irismonument.be\/570.buildings.10601023_0014_P05.JPG\" target=\"_blank\" rel=\"lightbox[780]\"><img decoding=\"async\" loading=\"lazy\" class=\"aligncenter\" src=\"http:\/\/www.irismonument.be\/manager\/phpThumb\/phpThumb.php?src=..\/..\/medias\/buildings\/10601023_0014_P05.JPG&amp;h=264\" alt=\"Rue de Bordeaux 14-16, vue du pr\u00e9au (D) (photo 2004).\" width=\"531\" height=\"354\" \/><\/a><\/span><span class=\"inner_illustration\"><a class=\"zoom\" href=\"http:\/\/www.irismonument.be\/570.buildings.10601023_0014_P05.JPG\" target=\"_blank\" rel=\"lightbox[780]\">Rue de Bordeaux 14-16, vue du pr\u00e9au (D) (photo 2004).\u00a9 MRBC-DMS\u00a0<\/a><\/span><\/em><\/p>\n<p><em>Le pr\u00e9au (D) s&rsquo;\u00e9l\u00e8ve sur trois niveaux, le dernier en demi-niveau\u00c9tage dont la hauteur est nettement inf\u00e9rieure \u00e0 celle de l\u2019\u00e9tage qui se trouve en dessous de lui.. Sur les petits c\u00f4t\u00e9s, fa\u00e7ades-pignons de trois trav\u00e9es1. Division verticale d\u2019une \u00e9l\u00e9vation, compos\u00e9e d\u2019une superposition d\u2019ouvertures, r\u00e9elles ou feintes. 2. En plan, la trav\u00e9e est l&rsquo;espace compris entre deux rang\u00e9es de supports dispos\u00e9es perpendiculairement \u00e0 la fa\u00e7ade. \u00e9gales ; celle \u00e0 rue, act. enduiteL&rsquo;enduit est un rev\u00eatement de pl\u00e2tre, de mortier, de stuc, de ciment, de lait de chaux, de simili-pierre, etc., est en partie visible de la rue. Sur les longs c\u00f4t\u00e9s, \u00e9l\u00e9vation int\u00e9rieure perc\u00e9e de baiesOuverture, d&rsquo;ordinaire une porte ou une fen\u00eatre, m\u00e9nag\u00e9e dans un pan de mur, ainsi que son encadrement. \u00e0 arcStructure appareill\u00e9e de couvrement, cintr\u00e9e selon un profil donn\u00e9. surbaiss\u00e9Un \u00e9l\u00e9ment est dit surbaiss\u00e9 lorsqu\u2019il est cintr\u00e9 en arc de cercle inf\u00e9rieur au demi-cercle.. Au 2e niveau, il y a une galerieUne galerie est un espace couvert d\u00e9volu au passage, d&rsquo;ordinaire rythm\u00e9 de supports. Un portique d\u00e9signe plus particuli\u00e8rement une galerie ouverte sur l\u2019ext\u00e9rieur par un rang d\u2019arcades ou de colonnes. Le portique se situe au rez-de-chauss\u00e9e d\u2019un b\u00e2timent. Il peut \u00e9galement \u00eatre ind\u00e9pendant. soutenue par des consolesPi\u00e8ce de pierre, de bois ou de m\u00e9tal partiellement engag\u00e9e dans un mur et portant un \u00e9l\u00e9ment en surplomb. La console se distingue du corbeau par ses dimensions plus grandes et par le fait qu\u2019elle s\u2019inscrit grosso modo dans un triangle rectangle. La console d\u00e9signe \u00e9galement des \u00e9l\u00e9ments non porteurs, mais apparent\u00e9s d\u2019un point de vue formel \u00e0 une console. en ferronnerie\u00c9l\u00e9ments en fer d\u2019une construction, qu\u2019ils soient en fer forg\u00e9, en fonte ou dans un autre mat\u00e9riau ferreux.. Plafond en bois, \u00e0 voligesVoligeage. Planch\u00e9iage sur lequel est fix\u00e9e la couverture du toit. Les planches formant le voligeage se nomment les voliges. dispos\u00e9es en chevronsDisposition d\u2019\u00e9l\u00e9ments en un embo\u00eetement de V.. Charpente m\u00e9tallique munie de fermesLa ferme est un assemblage de pi\u00e8ces g\u00e9n\u00e9ralement en forme de triangle, situ\u00e9 dans un plan perpendiculaire \u00e0 celui des versants du toit, et constituant l\u2019ossature de la charpente. La fermette est une ferme de petite dimension. \u00e0 intradosFace inf\u00e9rieure curviligne de l\u2019arc. en plein cintreUn \u00e9l\u00e9ment est dit en plein cintre lorsqu\u2019il est cintr\u00e9 en demi-cercle. reli\u00e9 \u00e0 l&rsquo;arbal\u00e9trierPi\u00e8ces obliques de la ferme portant les versants du toit. par des cercles m\u00e9talliques, conf\u00e9rant \u00e0 l&rsquo;ensemble l\u00e9g\u00e8ret\u00e9 et \u00e9l\u00e9gance. Le pr\u00e9au conserve sa d\u00e9coration d&rsquo;origine, dont trois lustres et des appliques murales en fer forg\u00e9Fer fa\u00e7onn\u00e9 \u00e0 chaud sur l\u2019enclume, utilis\u00e9 pour r\u00e9aliser des \u00e9l\u00e9ments architecturaux comme des garde-corps, des ancres, des grilles, des \u00e9pis de fa\u00eetage..<\/em><\/p>\n<p><strong>Classement<\/strong> 21.06.2001<\/p>\n<p>Archives :Collection cartes postales Dexia Banque.<\/p>\n<div>Ouvrages<br \/>\nBOON, H., Enseignement et alphab\u00e9tisation bruxelloise de 1830 \u00e0 1879, Leuven, 1969 (Recueil de travaux d&rsquo;histoire et de philologie, 4\u00a0:42).<br \/>\nHENNEBERT, D., LAMBERT\u00a0de ROUVOIT, \u00ab\u00a0Les lieux de savoirs\u00a0\u00bb, in Le patrimoine civil public de Wallonie, Li\u00e8ge, 1995, pp. 205-212.<br \/>\nHistoire de l&rsquo;enseignement en Belgique, CRISP, Bruxelles, 1988.<br \/>\nJURION-de WAHA, F., D\u00e9couvrez l&rsquo;architecture scolaire \u00e0 Bruxelles, Fondation Roi Baudouin, Bruxelles, 1987 (La m\u00e9moire des pierres), pp. 120-122.<br \/>\nVAN DER BORGHT, I., \u00ab\u00a0Construction d&rsquo;\u00e9coles communales primaires. Le cas des \u00e9coles de Bruxelles (1872-1897)\u00a0\u00bb, in L&rsquo;initiative publique des communes de Bruxelles 1795-1914, Bruxelles, 1984.P\u00e9riodiques : \u00ab\u00a0Ecole communale, rue de Bordeaux, \u00e0 Saint-Gilles, Bruxelles, 1891 (architecte M. Ed. Qu\u00e9tin)\u00a0\u00bb, L&rsquo;\u00c9mulation, 1893, col. 189, pl.\u00a046-47.<\/div>\n<div><\/div>\n<div id=\"enquete\">Recherches et r\u00e9daction : 1997-2004. \u00ab \u00a9 MRBC-DMS \u00bb<\/div>\n<\/div>\n<p>&nbsp;<\/p>\n<h1>Conditions d&rsquo;utilisation<\/h1>\n<div class=\"content_text\">\n<div>Les photos accompagn\u00e9es de la mention <b>\u00a9 Reproduction autoris\u00e9e sous certaines conditions <\/b>sont r\u00e9alis\u00e9es par des agents du Minist\u00e8re de la R\u00e9gion de Bruxelles-Capitale. Elles peuvent \u00eatre reproduites dans d&rsquo;autres publications \u00e0 but non commercial, moyennant le strict respect des conditions suivantes :<\/div>\n<div><\/div>\n<div>\u2022 Pour les sites Internet, la formule \u00ab \u00a9 MRBC-DMS \u00bb doit figurer \u00e0 c\u00f4t\u00e9 de chaque image utilis\u00e9e. Un lien vers le site www.irismonument.be doit en outre \u00eatre ajout\u00e9\u00a0dans la rubrique\u00a0liens du site.<\/div>\n<\/div>\n","protected":false},"excerpt":{"rendered":"<p>Remarque pr\u00e9alable : cette page est un extrait du site irismonument.be (\u00a0 \u00a9 MRBC-DMS )\u00a0 qui fait l&rsquo;inventaire du patrimoine architectural de la R\u00e9gion de Bruxelles-Capitale. La page de ce site qui d\u00e9crit le b\u00e2timent abritant notre \u00e9cole est la<span class=\"ellipsis\">&hellip;<\/span><\/p>\n<div class=\"read-more\"><a href=\"https:\/\/ecolejjmichel.be\/index.php\/accueil\/le-batiment-1891\/\">Lire la suite <span class=\"screen-reader-text\">Le b\u00e2timent (1891)<\/span><span class=\"meta-nav\"> &#8250;<\/span><\/a><\/div>\n<p><!-- end of .read-more --><\/p>\n","protected":false},"author":1,"featured_media":0,"parent":12,"menu_order":0,"comment_status":"closed","ping_status":"closed","template":"","meta":[],"_links":{"self":[{"href":"https:\/\/ecolejjmichel.be\/index.php\/wp-json\/wp\/v2\/pages\/780"}],"collection":[{"href":"https:\/\/ecolejjmichel.be\/index.php\/wp-json\/wp\/v2\/pages"}],"about":[{"href":"https:\/\/ecolejjmichel.be\/index.php\/wp-json\/wp\/v2\/types\/page"}],"author":[{"embeddable":true,"href":"https:\/\/ecolejjmichel.be\/index.php\/wp-json\/wp\/v2\/users\/1"}],"replies":[{"embeddable":true,"href":"https:\/\/ecolejjmichel.be\/index.php\/wp-json\/wp\/v2\/comments?post=780"}],"version-history":[{"count":8,"href":"https:\/\/ecolejjmichel.be\/index.php\/wp-json\/wp\/v2\/pages\/780\/revisions"}],"predecessor-version":[{"id":791,"href":"https:\/\/ecolejjmichel.be\/index.php\/wp-json\/wp\/v2\/pages\/780\/revisions\/791"}],"up":[{"embeddable":true,"href":"https:\/\/ecolejjmichel.be\/index.php\/wp-json\/wp\/v2\/pages\/12"}],"wp:attachment":[{"href":"https:\/\/ecolejjmichel.be\/index.php\/wp-json\/wp\/v2\/media?parent=780"}],"curies":[{"name":"wp","href":"https:\/\/api.w.org\/{rel}","templated":true}]}}